{"id":8291,"date":"2023-11-16T14:50:59","date_gmt":"2023-11-16T13:50:59","guid":{"rendered":"https:\/\/complexe-airport-club.com\/rechtliche-hinweise\/"},"modified":"2023-11-17T12:48:49","modified_gmt":"2023-11-17T11:48:49","slug":"rechtliche-hinweise","status":"publish","type":"page","link":"https:\/\/complexe-airport-club.com\/de\/rechtliche-hinweise\/","title":{"rendered":"Rechtliche Hinweise"},"content":{"rendered":"\t\t<div data-elementor-type=\"wp-page\" data-elementor-id=\"8291\" class=\"elementor elementor-8291 elementor-8267\" data-elementor-settings=\"{&quot;ha_cmc_init_switcher&quot;:&quot;no&quot;}\" data-elementor-post-type=\"page\">\n\t\t\t\t\t\t<section class=\"elementor-section elementor-top-section elementor-element elementor-element-5aa2696 elementor-section-full_width elementor-section-height-default elementor-section-height-default\" data-id=\"5aa2696\" data-element_type=\"section\" data-settings=\"{&quot;background_background&quot;:&quot;classic&quot;,&quot;jet_parallax_layout_list&quot;:[],&quot;_ha_eqh_enable&quot;:false}\">\n\t\t\t\t\t\t<div class=\"elementor-container elementor-column-gap-default\">\n\t\t\t\t\t<div class=\"elementor-column elementor-col-100 elementor-top-column elementor-element elementor-element-47586ab\" data-id=\"47586ab\" data-element_type=\"column\">\n\t\t\t<div class=\"elementor-widget-wrap elementor-element-populated\">\n\t\t\t\t\t\t<section class=\"elementor-section elementor-inner-section elementor-element elementor-element-05f5b23 elementor-section-boxed elementor-section-height-default elementor-section-height-default\" data-id=\"05f5b23\" data-element_type=\"section\" data-settings=\"{&quot;background_background&quot;:&quot;classic&quot;,&quot;jet_parallax_layout_list&quot;:[],&quot;_ha_eqh_enable&quot;:false}\">\n\t\t\t\t\t\t\t<div class=\"elementor-background-overlay\"><\/div>\n\t\t\t\t\t\t\t<div class=\"elementor-container elementor-column-gap-default\">\n\t\t\t\t\t<div class=\"elementor-column elementor-col-100 elementor-inner-column elementor-element elementor-element-65995c4\" data-id=\"65995c4\" data-element_type=\"column\">\n\t\t\t<div class=\"elementor-widget-wrap elementor-element-populated\">\n\t\t\t\t\t\t<div class=\"elementor-element elementor-element-e8df3b1 elementor-widget elementor-widget-heading\" data-id=\"e8df3b1\" data-element_type=\"widget\" data-widget_type=\"heading.default\">\n\t\t\t\t<div class=\"elementor-widget-container\">\n\t\t\t\t\t<h1 class=\"elementor-heading-title elementor-size-default\">Rechtliche Hinweise<\/h1>\t\t\t\t<\/div>\n\t\t\t\t<\/div>\n\t\t\t\t\t<\/div>\n\t\t<\/div>\n\t\t\t\t\t<\/div>\n\t\t<\/section>\n\t\t\t\t\t<\/div>\n\t\t<\/div>\n\t\t\t\t\t<\/div>\n\t\t<\/section>\n\t\t<div class=\"elementor-element elementor-element-40834fe e-flex e-con-boxed e-con e-parent\" data-id=\"40834fe\" data-element_type=\"container\" data-settings=\"{&quot;jet_parallax_layout_list&quot;:[],&quot;_ha_eqh_enable&quot;:false}\">\n\t\t\t\t\t<div class=\"e-con-inner\">\n\t\t\t\t<div class=\"elementor-element elementor-element-d5dd910 elementor-widget elementor-widget-text-editor\" data-id=\"d5dd910\" data-element_type=\"widget\" data-widget_type=\"text-editor.default\">\n\t\t\t\t<div class=\"elementor-widget-container\">\n\t\t\t\t\t\t\t\t\t<h2><span id=\"lwptoc20\">1 &#8211; Bearbeiten der Seite<\/span><\/h2>\n<p>Gem\u00e4\u00df <a href=\"https:\/\/www.legifrance.gouv.fr\/affichTexte.do?cidTexte=JORFTEXT000000801164#LEGIARTI000042038977\" target=\"_blank\" rel=\"noreferrer noopener\">Artikel 6 des Gesetzes Nr. 2004-575 vom 21. Juni 2004<\/a> \u00fcber das Vertrauen in die digitale Wirtschaft wird den Nutzern der Website Folgendes mitgeteilt. <strong><br \/>\n  <span class=\"ff_dynamic_value\" data-ref=\"url\" data-fallback=\"\">https:\/\/complexe-airport-club.com\/<\/span><br \/>\n<\/strong> die Identit\u00e4t der verschiedenen Akteure im Rahmen ihrer Realisierung und Betreuung:<\/p>\n<p><strong>Eigent\u00fcmer der Website: <\/strong><span class=\"ff_dynamic_value\" data-ref=\"nom_proprietaire\" data-fallback=\"\">OPTIA<\/span> &#8211; Kontakt: <span class=\"ff_dynamic_value\" data-ref=\"e_mail_contact\" data-fallback=\"\">hb7a8-dm@accor.com<\/span> <span class=\"ff_dynamic_value\" data-ref=\"telephone\" data-fallback=\"\">03 51 25 25<\/span> &#8211; Adresse: <span class=\"ff_dynamic_value\" data-ref=\"adresse_postale\" data-fallback=\"\">3 rue de l&#8217;industrie 68730 Blotzheim<\/span>.<\/p>\n<p><strong>Identifizierung des Unternehmens:<\/strong> <span class=\"ff_dynamic_value\" data-ref=\"forme_juridique\" data-fallback=\"\">SAS<\/span> <span class=\"ff_dynamic_value\" data-ref=\"nom_proprietaire\" data-fallback=\"\">OPTIA<\/span> mit einem Grundkapital von <span class=\"ff_dynamic_value\" data-ref=\"capital_social\" data-fallback=\"\">700000\u20ac<\/span>&#8211; SIREN: <span class=\"ff_dynamic_value\" data-ref=\"siren\" data-fallback=\"\">794503771<\/span> &#8211; RCS oder RM: <span class=\"ff_dynamic_value\" data-ref=\"rcs\" data-fallback=\"\">Mulhouse B 794 503 771<\/span> &#8211; Postanschrift: <span class=\"ff_dynamic_value\" data-ref=\"adresse_postale\" data-fallback=\"\">3 rue de l&#8217;industrie 68730 Blotzheim<\/span><\/p>\n<p><strong>Leiter der Ver\u00f6ffentlichung: <\/strong>&#8211; Kontakt: .<\/p>\n<p><strong>Hosting :<\/strong> <span class=\"ff_dynamic_value\" data-ref=\"hebergeur\" data-fallback=\"\">1&amp;1 \/ IONOS &#8211; 7 Place de la Gare &#8211; 57200 Sarreguemines &#8211; Telefon: 09.70.80.89.11<\/span><\/p>\n<p><strong>Datenschutzbeauftragter: <\/strong><span class=\"ff_dynamic_value\" data-ref=\"dpo\" data-fallback=\"\">Olivier Pachura<\/span> &#8211; <span class=\"ff_dynamic_value\" data-ref=\"contact_dpo\" data-fallback=\"\">hb7a8-dm@accor.com<\/span><\/p>\n<p><strong>Andere Mitwirkende :<\/strong><\/p>\n<hr class=\"wp-block-separator\">\n<h2><span id=\"lwptoc21\">2 &#8211; Geistiges Eigentum und F\u00e4lschungen.<\/span><\/h2>\n<p><strong><br \/>\n  <span class=\"ff_dynamic_value\" data-ref=\"nom_proprietaire\" data-fallback=\"\">OPTIA<\/span><br \/>\n<\/strong> ist Eigent\u00fcmerin der geistigen Eigentumsrechte und besitzt die Nutzungsrechte an allen auf der Website zug\u00e4nglichen Elementen, insbesondere an Texten, Bildern, Grafiken, Logos, Videos, Architektur, Icons und Sounds.<\/p>\n<p>Jede Reproduktion, Darstellung, \u00c4nderung, Ver\u00f6ffentlichung und Anpassung aller oder eines Teils der Elemente der Website, unabh\u00e4ngig von den verwendeten Mitteln oder Verfahren, ist untersagt, es sei denn, es liegt eine vorherige schriftliche Genehmigung von <strong><br \/>\n  <span class=\"ff_dynamic_value\" data-ref=\"nom_proprietaire\" data-fallback=\"\">OPTIA<\/span><br \/>\n<\/strong>.<\/p>\n<p>Jede nicht genehmigte Nutzung der Website oder eines ihrer Elemente wird als F\u00e4lschung angesehen und gem\u00e4\u00df den Bestimmungen der Artikel <a href=\"https:\/\/www.legifrance.gouv.fr\/affichCodeArticle.do?idArticle=LEGIARTI000032655082&amp;cidTexte=LEGITEXT000006069414&amp;dateTexte=20160605\" target=\"_blank\" rel=\"noreferrer nofollow noopener\">L.335-2 ff. des franz\u00f6sischen Gesetzbuchs \u00fcber geistiges Eigentum (Code de Propri\u00e9t\u00e9 Intellectuelle<\/a>) verfolgt.<\/p>\n<hr class=\"wp-block-separator\">\n<h2><span id=\"lwptoc22\">3 &#8211; Haftungsbeschr\u00e4nkungen.<\/span><\/h2>\n<p><strong><br \/>\n  <span class=\"ff_dynamic_value\" data-ref=\"nom_proprietaire\" data-fallback=\"\">OPTIA<\/span><br \/>\n<\/strong> haftet nicht f\u00fcr direkte oder indirekte Sch\u00e4den an der Hardware des Nutzers, die beim Zugriff auf die Website entstehen. <strong><br \/>\n  <span class=\"ff_dynamic_value\" data-ref=\"url\" data-fallback=\"\">https:\/\/complexe-airport-club.com\/<\/span><br \/>\n<\/strong>.<\/p>\n<p><strong><br \/>\n  <span class=\"ff_dynamic_value\" data-ref=\"nom_proprietaire\" data-fallback=\"\">OPTIA<\/span><br \/>\n<\/strong> \u00fcbernimmt keine Verantwortung f\u00fcr die Verwendung von Informationen und Inhalten, die auf <strong><br \/>\n  <span class=\"ff_dynamic_value\" data-ref=\"url\" data-fallback=\"\">https:\/\/complexe-airport-club.com\/<\/span><br \/>\n<\/strong>.<\/p>\n<p><strong><br \/>\n  <span class=\"ff_dynamic_value\" data-ref=\"nom_proprietaire\" data-fallback=\"\">OPTIA<\/span><br \/>\n<\/strong> verpflichtet sich, den Standort bestm\u00f6glich zu sichern. <strong><br \/>\n  <span class=\"ff_dynamic_value\" data-ref=\"url\" data-fallback=\"\">https:\/\/complexe-airport-club.com\/<\/span><br \/>\n<\/strong>OPTIVA ist jedoch nicht verantwortlich f\u00fcr unerw\u00fcnschte Daten, die ohne ihr Wissen auf ihre Website importiert und dort installiert werden.<\/p>\n<p>Interaktive Bereiche (Kontaktbereich oder Kommentare) stehen den Nutzern zur Verf\u00fcgung. <strong><br \/>\n  <span class=\"ff_dynamic_value\" data-ref=\"nom_proprietaire\" data-fallback=\"\">OPTIA<\/span><br \/>\n<\/strong> OPTIA beh\u00e4lt sich das Recht vor, ohne vorherige Mahnung alle in diesem Bereich abgelegten Inhalte zu entfernen, die gegen die in Frankreich geltenden Gesetze, insbesondere die Bestimmungen zum Datenschutz, versto\u00dfen.<\/p>\n<p>Sofern zutreffend, <strong><br \/>\n  <span class=\"ff_dynamic_value\" data-ref=\"nom_proprietaire\" data-fallback=\"\">OPTIA<\/span><br \/>\n<\/strong> sich auch die M\u00f6glichkeit vor, den Nutzer zivil- und\/oder strafrechtlich haftbar zu machen, insbesondere bei rassistischen, beleidigenden, diffamierenden oder pornografischen Mitteilungen, unabh\u00e4ngig vom verwendeten Medium (Text, Fotografie &#8230;).<\/p>\n<hr class=\"wp-block-separator\">\n<h2><span id=\"lwptoc23\">4 &#8211; CNIL und Umgang mit pers\u00f6nlichen Daten.<\/span><\/h2>\n<p>Gem\u00e4\u00df den Bestimmungen des <a href=\"https:\/\/www.legifrance.gouv.fr\/affichTexte.do?cidTexte=JORFTEXT000000886460\" target=\"_blank\" rel=\"noreferrer nofollow noopener\">Gesetzes 78-17 vom 6. Januar 1978 in seiner ge\u00e4nderten<\/a> Fassung ist der Nutzer der Website. <strong><br \/>\n  <span class=\"ff_dynamic_value\" data-ref=\"url\" data-fallback=\"\">https:\/\/complexe-airport-club.com\/<\/span><br \/>\n<\/strong> \u00fcber ein Recht auf Zugang, \u00c4nderung und L\u00f6schung der gesammelten Informationen. Um dieses Recht auszu\u00fcben, senden Sie eine Nachricht an unseren Datenschutzbeauftragten : <strong><br \/>\n  <span class=\"ff_dynamic_value\" data-ref=\"dpo\" data-fallback=\"\">Olivier Pachura<\/span><br \/>\n<\/strong> &#8211; <strong><br \/>\n  <span class=\"ff_dynamic_value\" data-ref=\"contact_dpo\" data-fallback=\"\">hb7a8-dm@accor.com<\/span><br \/>\n<\/strong>.<\/p>\n<p>F\u00fcr weitere Informationen dar\u00fcber, wie wir Ihre Daten verarbeiten (Art der Daten, Zweck, Empf\u00e4nger&#8230;), lesen Sie bitte unseren. <strong><br \/>\n  <span class=\"ff_dynamic_value\" data-ref=\"politique_confidentialite\" data-fallback=\"\">https:\/\/complexe-airport-club.com\/politique-de-cookies-ue\/<\/span><br \/>\n<\/strong>.<\/p>\n<hr class=\"wp-block-separator\">\n<h2><span id=\"lwptoc24\">5 &#8211; Hyperlinks und Cookies<\/span><\/h2>\n<p>Die Seite <strong><br \/>\n  <span class=\"ff_dynamic_value\" data-ref=\"url\" data-fallback=\"\">https:\/\/complexe-airport-club.com\/<\/span><br \/>\n<\/strong> enth\u00e4lt Hyperlinks zu anderen Websites und \u00fcbernimmt keine Verantwortung f\u00fcr diese externen Links oder f\u00fcr Links, die von anderen Websites auf die Website gelegt wurden. <strong><br \/>\n  <span class=\"ff_dynamic_value\" data-ref=\"url\" data-fallback=\"\">https:\/\/complexe-airport-club.com\/<\/span><br \/>\n<\/strong>.<\/p>\n<p>Die Navigation auf der Seite. <strong><br \/>\n  <span class=\"ff_dynamic_value\" data-ref=\"url\" data-fallback=\"\">https:\/\/complexe-airport-club.com\/<\/span><br \/>\n<\/strong> kann dazu f\u00fchren, dass auf dem Computer des Nutzers ein Cookie(s) installiert wird.<\/p>\n<p>Ein &#8222;Cookie&#8220; ist eine kleine Datei, die Informationen \u00fcber das Surfen eines Nutzers auf einer Website speichert. Mit den so gewonnenen Daten lassen sich z. B. die Besucherzahlen messen.<\/p>\n<p>Sie haben die M\u00f6glichkeit, <strong>Cookies zu akzeptieren oder abzulehnen<\/strong>, indem Sie die Einstellungen Ihres Browsers \u00e4ndern. Ohne Ihre Zustimmung werden keine Cookies abgelegt.<\/p>\n<p>Cookies werden f\u00fcr maximal <span class=\"ff_dynamic_value\" data-ref=\"cookies\" data-fallback=\"\">einen<\/span> Monat gespeichert.<\/p>\n<p>Weitere Informationen dar\u00fcber, wie wir Cookies verwenden, finden Sie in unserem. <strong><br \/>\n  <span class=\"ff_dynamic_value\" data-ref=\"politique_confidentialite\" data-fallback=\"\">https:\/\/complexe-airport-club.com\/politique-de-cookies-ue\/<\/span><br \/>\n<\/strong>.  <\/p>\n<hr class=\"wp-block-separator\">\n<h2><span id=\"lwptoc25\">6 &#8211; Anwendbares Recht und Gerichtsstand.<\/span><\/h2>\n<p>Alle Streitigkeiten im Zusammenhang mit der Nutzung der Website. <strong><br \/>\n  <span class=\"ff_dynamic_value\" data-ref=\"url\" data-fallback=\"\">https:\/\/complexe-airport-club.com\/<\/span><br \/>\n<\/strong> unterliegt dem franz\u00f6sischen Recht. Au\u00dfer in F\u00e4llen, in denen dies gesetzlich nicht zul\u00e4ssig ist, wird die ausschlie\u00dfliche Zust\u00e4ndigkeit den zust\u00e4ndigen Gerichten von <strong><br \/>\n  <span class=\"ff_dynamic_value\" data-ref=\"ville_du_tribunal\" data-fallback=\"\">Mulhouse<\/span><br \/>\n<\/strong>.<\/p>\n\t\t\t\t\t\t\t\t<\/div>\n\t\t\t\t<\/div>\n\t\t\t\t\t<\/div>\n\t\t\t\t<\/div>\n\t\t\t\t<\/div>\n\t\t","protected":false},"excerpt":{"rendered":"<p>Rechtliche Hinweise 1 &#8211; Bearbeiten der Seite Gem\u00e4\u00df Artikel 6 des Gesetzes Nr. 2004-575 vom 21. Juni 2004 \u00fcber das Vertrauen in die digitale Wirtschaft wird den Nutzern der Website Folgendes mitgeteilt. https:\/\/complexe-airport-club.com\/ die Identit\u00e4t der verschiedenen Akteure im Rahmen ihrer Realisierung und Betreuung: Eigent\u00fcmer der Website: OPTIA &#8211; Kontakt: hb7a8-dm@accor.com 03 51 25 25 [&hellip;]<\/p>\n","protected":false},"author":1,"featured_media":0,"parent":0,"menu_order":0,"comment_status":"closed","ping_status":"closed","template":"","meta":{"footnotes":""},"class_list":["post-8291","page","type-page","status-publish","hentry"],"yoast_head":"<!-- This site is optimized with the Yoast SEO plugin v24.5 - https:\/\/yoast.com\/wordpress\/plugins\/seo\/ -->\n<title>Rechtliche Hinweise - Airport Club Blotzheim<\/title>\n<meta name=\"robots\" content=\"index, follow, max-snippet:-1, max-image-preview:large, max-video-preview:-1\" \/>\n<link rel=\"canonical\" href=\"https:\/\/complexe-airport-club.com\/de\/rechtliche-hinweise\/\" \/>\n<meta property=\"og:locale\" content=\"de_DE\" \/>\n<meta property=\"og:type\" content=\"article\" \/>\n<meta property=\"og:title\" content=\"Rechtliche Hinweise - Airport Club Blotzheim\" \/>\n<meta property=\"og:description\" content=\"Rechtliche Hinweise 1 &#8211; Bearbeiten der Seite Gem\u00e4\u00df Artikel 6 des Gesetzes Nr. 2004-575 vom 21. Juni 2004 \u00fcber das Vertrauen in die digitale Wirtschaft wird den Nutzern der Website Folgendes mitgeteilt. https:\/\/complexe-airport-club.com\/ die Identit\u00e4t der verschiedenen Akteure im Rahmen ihrer Realisierung und Betreuung: Eigent\u00fcmer der Website: OPTIA &#8211; Kontakt: hb7a8-dm@accor.com 03 51 25 25 [&hellip;]\" \/>\n<meta property=\"og:url\" content=\"https:\/\/complexe-airport-club.com\/de\/rechtliche-hinweise\/\" \/>\n<meta property=\"og:site_name\" content=\"Airport Club Blotzheim\" \/>\n<meta property=\"article:modified_time\" content=\"2023-11-17T11:48:49+00:00\" \/>\n<meta name=\"twitter:card\" content=\"summary_large_image\" \/>\n<meta name=\"twitter:label1\" content=\"Gesch\u00e4tzte Lesezeit\" \/>\n\t<meta name=\"twitter:data1\" content=\"3\u00a0Minuten\" \/>\n<script type=\"application\/ld+json\" class=\"yoast-schema-graph\">{\"@context\":\"https:\/\/schema.org\",\"@graph\":[{\"@type\":\"WebPage\",\"@id\":\"https:\/\/complexe-airport-club.com\/de\/rechtliche-hinweise\/\",\"url\":\"https:\/\/complexe-airport-club.com\/de\/rechtliche-hinweise\/\",\"name\":\"Rechtliche Hinweise - Airport Club Blotzheim\",\"isPartOf\":{\"@id\":\"https:\/\/complexe-airport-club.com\/de\/#website\"},\"datePublished\":\"2023-11-16T13:50:59+00:00\",\"dateModified\":\"2023-11-17T11:48:49+00:00\",\"breadcrumb\":{\"@id\":\"https:\/\/complexe-airport-club.com\/de\/rechtliche-hinweise\/#breadcrumb\"},\"inLanguage\":\"de\",\"potentialAction\":[{\"@type\":\"ReadAction\",\"target\":[\"https:\/\/complexe-airport-club.com\/de\/rechtliche-hinweise\/\"]}]},{\"@type\":\"BreadcrumbList\",\"@id\":\"https:\/\/complexe-airport-club.com\/de\/rechtliche-hinweise\/#breadcrumb\",\"itemListElement\":[{\"@type\":\"ListItem\",\"position\":1,\"name\":\"Accueil\",\"item\":\"https:\/\/complexe-airport-club.com\/de\/startseite-cloned-10\/\"},{\"@type\":\"ListItem\",\"position\":2,\"name\":\"Rechtliche Hinweise\"}]},{\"@type\":\"WebSite\",\"@id\":\"https:\/\/complexe-airport-club.com\/de\/#website\",\"url\":\"https:\/\/complexe-airport-club.com\/de\/\",\"name\":\"Airport Club Blotzheim\",\"description\":\"\",\"potentialAction\":[{\"@type\":\"SearchAction\",\"target\":{\"@type\":\"EntryPoint\",\"urlTemplate\":\"https:\/\/complexe-airport-club.com\/de\/?s={search_term_string}\"},\"query-input\":{\"@type\":\"PropertyValueSpecification\",\"valueRequired\":true,\"valueName\":\"search_term_string\"}}],\"inLanguage\":\"de\"}]}<\/script>\n<!-- \/ Yoast SEO plugin. -->","yoast_head_json":{"title":"Rechtliche Hinweise - Airport Club Blotzheim","robots":{"index":"index","follow":"follow","max-snippet":"max-snippet:-1","max-image-preview":"max-image-preview:large","max-video-preview":"max-video-preview:-1"},"canonical":"https:\/\/complexe-airport-club.com\/de\/rechtliche-hinweise\/","og_locale":"de_DE","og_type":"article","og_title":"Rechtliche Hinweise - Airport Club Blotzheim","og_description":"Rechtliche Hinweise 1 &#8211; Bearbeiten der Seite Gem\u00e4\u00df Artikel 6 des Gesetzes Nr. 2004-575 vom 21. Juni 2004 \u00fcber das Vertrauen in die digitale Wirtschaft wird den Nutzern der Website Folgendes mitgeteilt. https:\/\/complexe-airport-club.com\/ die Identit\u00e4t der verschiedenen Akteure im Rahmen ihrer Realisierung und Betreuung: Eigent\u00fcmer der Website: OPTIA &#8211; Kontakt: hb7a8-dm@accor.com 03 51 25 25 [&hellip;]","og_url":"https:\/\/complexe-airport-club.com\/de\/rechtliche-hinweise\/","og_site_name":"Airport Club Blotzheim","article_modified_time":"2023-11-17T11:48:49+00:00","twitter_card":"summary_large_image","twitter_misc":{"Gesch\u00e4tzte Lesezeit":"3\u00a0Minuten"},"schema":{"@context":"https:\/\/schema.org","@graph":[{"@type":"WebPage","@id":"https:\/\/complexe-airport-club.com\/de\/rechtliche-hinweise\/","url":"https:\/\/complexe-airport-club.com\/de\/rechtliche-hinweise\/","name":"Rechtliche Hinweise - Airport Club Blotzheim","isPartOf":{"@id":"https:\/\/complexe-airport-club.com\/de\/#website"},"datePublished":"2023-11-16T13:50:59+00:00","dateModified":"2023-11-17T11:48:49+00:00","breadcrumb":{"@id":"https:\/\/complexe-airport-club.com\/de\/rechtliche-hinweise\/#breadcrumb"},"inLanguage":"de","potentialAction":[{"@type":"ReadAction","target":["https:\/\/complexe-airport-club.com\/de\/rechtliche-hinweise\/"]}]},{"@type":"BreadcrumbList","@id":"https:\/\/complexe-airport-club.com\/de\/rechtliche-hinweise\/#breadcrumb","itemListElement":[{"@type":"ListItem","position":1,"name":"Accueil","item":"https:\/\/complexe-airport-club.com\/de\/startseite-cloned-10\/"},{"@type":"ListItem","position":2,"name":"Rechtliche Hinweise"}]},{"@type":"WebSite","@id":"https:\/\/complexe-airport-club.com\/de\/#website","url":"https:\/\/complexe-airport-club.com\/de\/","name":"Airport Club Blotzheim","description":"","potentialAction":[{"@type":"SearchAction","target":{"@type":"EntryPoint","urlTemplate":"https:\/\/complexe-airport-club.com\/de\/?s={search_term_string}"},"query-input":{"@type":"PropertyValueSpecification","valueRequired":true,"valueName":"search_term_string"}}],"inLanguage":"de"}]}},"_links":{"self":[{"href":"https:\/\/complexe-airport-club.com\/de\/wp-json\/wp\/v2\/pages\/8291","targetHints":{"allow":["GET"]}}],"collection":[{"href":"https:\/\/complexe-airport-club.com\/de\/wp-json\/wp\/v2\/pages"}],"about":[{"href":"https:\/\/complexe-airport-club.com\/de\/wp-json\/wp\/v2\/types\/page"}],"author":[{"embeddable":true,"href":"https:\/\/complexe-airport-club.com\/de\/wp-json\/wp\/v2\/users\/1"}],"replies":[{"embeddable":true,"href":"https:\/\/complexe-airport-club.com\/de\/wp-json\/wp\/v2\/comments?post=8291"}],"version-history":[{"count":2,"href":"https:\/\/complexe-airport-club.com\/de\/wp-json\/wp\/v2\/pages\/8291\/revisions"}],"predecessor-version":[{"id":8387,"href":"https:\/\/complexe-airport-club.com\/de\/wp-json\/wp\/v2\/pages\/8291\/revisions\/8387"}],"wp:attachment":[{"href":"https:\/\/complexe-airport-club.com\/de\/wp-json\/wp\/v2\/media?parent=8291"}],"curies":[{"name":"wp","href":"https:\/\/api.w.org\/{rel}","templated":true}]}}