{"id":8287,"date":"2023-11-16T14:50:59","date_gmt":"2023-11-16T13:50:59","guid":{"rendered":"https:\/\/complexe-airport-club.com\/informacion-juridica\/"},"modified":"2023-11-17T12:48:49","modified_gmt":"2023-11-17T11:48:49","slug":"informacion-juridica","status":"publish","type":"page","link":"https:\/\/complexe-airport-club.com\/es\/informacion-juridica\/","title":{"rendered":"Informaci\u00f3n jur\u00eddica"},"content":{"rendered":"\t\t<div data-elementor-type=\"wp-page\" data-elementor-id=\"8287\" class=\"elementor elementor-8287 elementor-8267\" data-elementor-settings=\"{&quot;ha_cmc_init_switcher&quot;:&quot;no&quot;}\" data-elementor-post-type=\"page\">\n\t\t\t\t\t\t<section class=\"elementor-section elementor-top-section elementor-element elementor-element-5aa2696 elementor-section-full_width elementor-section-height-default elementor-section-height-default\" data-id=\"5aa2696\" data-element_type=\"section\" data-settings=\"{&quot;background_background&quot;:&quot;classic&quot;,&quot;jet_parallax_layout_list&quot;:[],&quot;_ha_eqh_enable&quot;:false}\">\n\t\t\t\t\t\t<div class=\"elementor-container elementor-column-gap-default\">\n\t\t\t\t\t<div class=\"elementor-column elementor-col-100 elementor-top-column elementor-element elementor-element-47586ab\" data-id=\"47586ab\" data-element_type=\"column\">\n\t\t\t<div class=\"elementor-widget-wrap elementor-element-populated\">\n\t\t\t\t\t\t<section class=\"elementor-section elementor-inner-section elementor-element elementor-element-05f5b23 elementor-section-boxed elementor-section-height-default elementor-section-height-default\" data-id=\"05f5b23\" data-element_type=\"section\" data-settings=\"{&quot;background_background&quot;:&quot;classic&quot;,&quot;jet_parallax_layout_list&quot;:[],&quot;_ha_eqh_enable&quot;:false}\">\n\t\t\t\t\t\t\t<div class=\"elementor-background-overlay\"><\/div>\n\t\t\t\t\t\t\t<div class=\"elementor-container elementor-column-gap-default\">\n\t\t\t\t\t<div class=\"elementor-column elementor-col-100 elementor-inner-column elementor-element elementor-element-65995c4\" data-id=\"65995c4\" data-element_type=\"column\">\n\t\t\t<div class=\"elementor-widget-wrap elementor-element-populated\">\n\t\t\t\t\t\t<div class=\"elementor-element elementor-element-e8df3b1 elementor-widget elementor-widget-heading\" data-id=\"e8df3b1\" data-element_type=\"widget\" data-widget_type=\"heading.default\">\n\t\t\t\t<div class=\"elementor-widget-container\">\n\t\t\t\t\t<h1 class=\"elementor-heading-title elementor-size-default\">Informaci\u00f3n jur\u00eddica<\/h1>\t\t\t\t<\/div>\n\t\t\t\t<\/div>\n\t\t\t\t\t<\/div>\n\t\t<\/div>\n\t\t\t\t\t<\/div>\n\t\t<\/section>\n\t\t\t\t\t<\/div>\n\t\t<\/div>\n\t\t\t\t\t<\/div>\n\t\t<\/section>\n\t\t<div class=\"elementor-element elementor-element-40834fe e-flex e-con-boxed e-con e-parent\" data-id=\"40834fe\" data-element_type=\"container\" data-settings=\"{&quot;jet_parallax_layout_list&quot;:[],&quot;_ha_eqh_enable&quot;:false}\">\n\t\t\t\t\t<div class=\"e-con-inner\">\n\t\t\t\t<div class=\"elementor-element elementor-element-d5dd910 elementor-widget elementor-widget-text-editor\" data-id=\"d5dd910\" data-element_type=\"widget\" data-widget_type=\"text-editor.default\">\n\t\t\t\t<div class=\"elementor-widget-container\">\n\t\t\t\t\t\t\t\t\t<h2><span id=\"lwptoc20\">1 &#8211; Editar el sitio<\/span><\/h2>\n<p>De conformidad con el <a href=\"https:\/\/www.legifrance.gouv.fr\/affichTexte.do?cidTexte=JORFTEXT000000801164#LEGIARTI000042038977\" target=\"_blank\" rel=\"noreferrer noopener\">art\u00edculo 6 de la Ley francesa n\u00ba 2004-575, de 21 de junio de 2004<\/a>, sobre la confianza en la econom\u00eda digital, los usuarios del sitio web <strong><br \/>\n  <span class=\"ff_dynamic_value\" data-ref=\"url\" data-fallback=\"\">https:\/\/complexe-airport-club.com\/<\/span><br \/>\n<\/strong> la identidad de las distintas partes implicadas en su creaci\u00f3n y seguimiento:<\/p>\n<p><strong>Propietario del sitio: <\/strong><span class=\"ff_dynamic_value\" data-ref=\"nom_proprietaire\" data-fallback=\"\">OPTIA<\/span> &#8211; Contacto: <span class=\"ff_dynamic_value\" data-ref=\"e_mail_contact\" data-fallback=\"\">hb7a8-dm@accor.com<\/span> <span class=\"ff_dynamic_value\" data-ref=\"telephone\" data-fallback=\"\">03 51 25 25 25<\/span> &#8211; Direcci\u00f3n: <span class=\"ff_dynamic_value\" data-ref=\"adresse_postale\" data-fallback=\"\">3 rue de l&#8217;industrie 68730 Blotzheim<\/span>.<\/p>\n<p><strong>Identificaci\u00f3n de la empresa:<\/strong> <span class=\"ff_dynamic_value\" data-ref=\"forme_juridique\" data-fallback=\"\">SAS<\/span> <span class=\"ff_dynamic_value\" data-ref=\"nom_proprietaire\" data-fallback=\"\">OPTIA<\/span> con un capital social de <span class=\"ff_dynamic_value\" data-ref=\"capital_social\" data-fallback=\"\">700.000<\/span>euros &#8211; SIREN: <span class=\"ff_dynamic_value\" data-ref=\"siren\" data-fallback=\"\">794503771<\/span> &#8211; RCS o RM: <span class=\"ff_dynamic_value\" data-ref=\"rcs\" data-fallback=\"\">Mulhouse B 794 503 771<\/span> &#8211; Direcci\u00f3n postal: <span class=\"ff_dynamic_value\" data-ref=\"adresse_postale\" data-fallback=\"\">3 rue de l&#8217;industrie 68730 Blotzheim<\/span><\/p>\n<p><strong>Director de la publicaci\u00f3n: <\/strong>&#8211; Contacto: .<\/p>\n<p><strong>Anfitri\u00f3n:<\/strong> <span class=\"ff_dynamic_value\" data-ref=\"hebergeur\" data-fallback=\"\">1&amp;1 \/ IONOS &#8211; 7 Place de la Gare &#8211; 57200 Sarreguemines &#8211; Tel\u00e9fono: 09.70.80.89.11<\/span><\/p>\n<p><strong>Responsable de protecci\u00f3n de datos: <\/strong><span class=\"ff_dynamic_value\" data-ref=\"dpo\" data-fallback=\"\">Olivier Pachura<\/span> &#8211; <span class=\"ff_dynamic_value\" data-ref=\"contact_dpo\" data-fallback=\"\">hb7a8-dm@accor.com<\/span><\/p>\n<p><strong>Otros colaboradores :<\/strong><\/p>\n<hr class=\"wp-block-separator\">\n<h2><span id=\"lwptoc21\">2 &#8211; Propiedad intelectual y falsificaci\u00f3n.<\/span><\/h2>\n<p><strong><br \/>\n  <span class=\"ff_dynamic_value\" data-ref=\"nom_proprietaire\" data-fallback=\"\">OPTIA<\/span><br \/>\n<\/strong> es propietaria de los derechos de propiedad intelectual y titular de los derechos de uso sobre todos los elementos accesibles en el sitio web, en particular los textos, im\u00e1genes, gr\u00e1ficos, logotipos, v\u00eddeos, arquitectura, iconos y sonidos.<\/p>\n<p>Toda reproducci\u00f3n, representaci\u00f3n, modificaci\u00f3n, publicaci\u00f3n, adaptaci\u00f3n de la totalidad o parte de los elementos del sitio, cualesquiera que sean los medios o procedimientos utilizados, est\u00e1 prohibida, salvo autorizaci\u00f3n previa por escrito de <strong><br \/>\n  <span class=\"ff_dynamic_value\" data-ref=\"nom_proprietaire\" data-fallback=\"\">OPTIA<\/span><br \/>\n<\/strong>.<\/p>\n<p>Cualquier uso no autorizado del sitio o de cualquiera de los elementos que contiene se considerar\u00e1 constitutivo de infracci\u00f3n y ser\u00e1 perseguido de conformidad con lo dispuesto en los art\u00edculos <a href=\"https:\/\/www.legifrance.gouv.fr\/affichCodeArticle.do?idArticle=LEGIARTI000032655082&amp;cidTexte=LEGITEXT000006069414&amp;dateTexte=20160605\" target=\"_blank\" rel=\"noreferrer nofollow noopener\">L.335-2 y siguientes del C\u00f3digo de la Propiedad Intelectual<\/a> franc\u00e9s.<\/p>\n<hr class=\"wp-block-separator\">\n<h2><span id=\"lwptoc22\">3 &#8211; Limitaciones de responsabilidad.<\/span><\/h2>\n<p><strong><br \/>\n  <span class=\"ff_dynamic_value\" data-ref=\"nom_proprietaire\" data-fallback=\"\">OPTIA<\/span><br \/>\n<\/strong> no se hace responsable de los da\u00f1os directos o indirectos causados al equipo del usuario al acceder al sitio <strong><br \/>\n  <span class=\"ff_dynamic_value\" data-ref=\"url\" data-fallback=\"\">https:\/\/complexe-airport-club.com\/<\/span><br \/>\n<\/strong>.<\/p>\n<p><strong><br \/>\n  <span class=\"ff_dynamic_value\" data-ref=\"nom_proprietaire\" data-fallback=\"\">OPTIA<\/span><br \/>\n<\/strong> declina toda responsabilidad derivada del uso que pueda hacerse de la informaci\u00f3n y contenidos presentes en <strong><br \/>\n  <span class=\"ff_dynamic_value\" data-ref=\"url\" data-fallback=\"\">https:\/\/complexe-airport-club.com\/<\/span><br \/>\n<\/strong>.<\/p>\n<p><strong><br \/>\n  <span class=\"ff_dynamic_value\" data-ref=\"nom_proprietaire\" data-fallback=\"\">OPTIA<\/span><br \/>\n<\/strong> se compromete a hacer que el sitio sea lo m\u00e1s seguro posible <strong><br \/>\n  <span class=\"ff_dynamic_value\" data-ref=\"url\" data-fallback=\"\">https:\/\/complexe-airport-club.com\/<\/span><br \/>\n<\/strong>No obstante, OPTIA no podr\u00e1 ser considerada responsable si se importan e instalan en su sitio datos no deseados sin su conocimiento.<\/p>\n<p>Los usuarios disponen de zonas interactivas (espacio de contacto o comentarios). <strong><br \/>\n  <span class=\"ff_dynamic_value\" data-ref=\"nom_proprietaire\" data-fallback=\"\">OPTIA<\/span><br \/>\n<\/strong> se reserva el derecho de suprimir, sin previo aviso, cualquier contenido publicado en este espacio que contravenga la legislaci\u00f3n aplicable en Francia, en particular las disposiciones relativas a la protecci\u00f3n de datos.<\/p>\n<p>Si procede, <strong><br \/>\n  <span class=\"ff_dynamic_value\" data-ref=\"nom_proprietaire\" data-fallback=\"\">OPTIA<\/span><br \/>\n<\/strong> se reserva asimismo el derecho de exigir responsabilidades civiles y\/o penales al usuario, especialmente en caso de mensajes de car\u00e1cter racista, insultante, difamatorio o pornogr\u00e1fico, cualquiera que sea el soporte utilizado (texto, fotograf\u00edas, etc.).<\/p>\n<hr class=\"wp-block-separator\">\n<h2><span id=\"lwptoc23\">4 &#8211; CNIL y gesti\u00f3n de datos personales.<\/span><\/h2>\n<p>De conformidad con las disposiciones de <a href=\"https:\/\/www.legifrance.gouv.fr\/affichTexte.do?cidTexte=JORFTEXT000000886460\" target=\"_blank\" rel=\"noreferrer nofollow noopener\">la Ley 78-17 de 6 de enero de 1978 modificada<\/a>, los usuarios del sitio <strong><br \/>\n  <span class=\"ff_dynamic_value\" data-ref=\"url\" data-fallback=\"\">https:\/\/complexe-airport-club.com\/<\/span><br \/>\n<\/strong> dispone de un derecho de acceso, modificaci\u00f3n y supresi\u00f3n de los datos recogidos. Para ejercer este derecho, env\u00ede un mensaje a nuestro Responsable de Protecci\u00f3n de Datos: <strong><br \/>\n  <span class=\"ff_dynamic_value\" data-ref=\"dpo\" data-fallback=\"\">Olivier Pachura<\/span><br \/>\n<\/strong> &#8211; <strong><br \/>\n  <span class=\"ff_dynamic_value\" data-ref=\"contact_dpo\" data-fallback=\"\">hb7a8-dm@accor.com<\/span><br \/>\n<\/strong>.<\/p>\n<p>Para m\u00e1s informaci\u00f3n sobre c\u00f3mo tratamos sus datos (tipo de datos, finalidad, destinatario, etc.), lea nuestra pol\u00edtica de privacidad. <strong><br \/>\n  <span class=\"ff_dynamic_value\" data-ref=\"politique_confidentialite\" data-fallback=\"\">https:\/\/complexe-airport-club.com\/politique-de-cookies-ue\/<\/span><br \/>\n<\/strong>.<\/p>\n<hr class=\"wp-block-separator\">\n<h2><span id=\"lwptoc24\">5 &#8211; Enlaces de hipertexto y cookies<\/span><\/h2>\n<p>El sitio web <strong><br \/>\n  <span class=\"ff_dynamic_value\" data-ref=\"url\" data-fallback=\"\">https:\/\/complexe-airport-club.com\/<\/span><br \/>\n<\/strong> contiene enlaces de hipertexto a otros sitios y no acepta ninguna responsabilidad por estos enlaces externos ni por los enlaces creados por otros sitios a <strong><br \/>\n  <span class=\"ff_dynamic_value\" data-ref=\"url\" data-fallback=\"\">https:\/\/complexe-airport-club.com\/<\/span><br \/>\n<\/strong>.<\/p>\n<p>Navegar por el sitio <strong><br \/>\n  <span class=\"ff_dynamic_value\" data-ref=\"url\" data-fallback=\"\">https:\/\/complexe-airport-club.com\/<\/span><br \/>\n<\/strong> puede provocar la instalaci\u00f3n de cookies en el ordenador del usuario.<\/p>\n<p>Una \u00abcookie\u00bb es un peque\u00f1o archivo que registra informaci\u00f3n sobre la navegaci\u00f3n de un usuario en un sitio web. Los datos obtenidos de este modo pueden utilizarse, por ejemplo, para medir el n\u00famero de visitantes.<\/p>\n<p>Puede <strong>aceptar o rechazar las cookies<\/strong> modificando la configuraci\u00f3n de su navegador. No se depositar\u00e1 ninguna cookie sin su consentimiento.<\/p>\n<p>Las cookies se almacenan durante un m\u00e1ximo de <span class=\"ff_dynamic_value\" data-ref=\"cookies\" data-fallback=\"\">1<\/span> mes.<\/p>\n<p>Para obtener m\u00e1s informaci\u00f3n sobre c\u00f3mo utilizamos las cookies, por favor lea nuestro <strong><br \/>\n  <span class=\"ff_dynamic_value\" data-ref=\"politique_confidentialite\" data-fallback=\"\">https:\/\/complexe-airport-club.com\/politique-de-cookies-ue\/<\/span><br \/>\n<\/strong>.  <\/p>\n<hr class=\"wp-block-separator\">\n<h2><span id=\"lwptoc25\">6 &#8211; Ley aplicable y jurisdicci\u00f3n.<\/span><\/h2>\n<p>Cualquier litigio relacionado con el uso del sitio <strong><br \/>\n  <span class=\"ff_dynamic_value\" data-ref=\"url\" data-fallback=\"\">https:\/\/complexe-airport-club.com\/<\/span><br \/>\n<\/strong> se somete a la legislaci\u00f3n francesa. Salvo en los casos en que la ley no lo permita, la jurisdicci\u00f3n exclusiva se concede a los tribunales competentes de <strong><br \/>\n  <span class=\"ff_dynamic_value\" data-ref=\"ville_du_tribunal\" data-fallback=\"\">Mulhouse<\/span><br \/>\n<\/strong>.<\/p>\n\t\t\t\t\t\t\t\t<\/div>\n\t\t\t\t<\/div>\n\t\t\t\t\t<\/div>\n\t\t\t\t<\/div>\n\t\t\t\t<\/div>\n\t\t","protected":false},"excerpt":{"rendered":"<p>Informaci\u00f3n jur\u00eddica 1 &#8211; Editar el sitio De conformidad con el art\u00edculo 6 de la Ley francesa n\u00ba 2004-575, de 21 de junio de 2004, sobre la confianza en la econom\u00eda digital, los usuarios del sitio web https:\/\/complexe-airport-club.com\/ la identidad de las distintas partes implicadas en su creaci\u00f3n y seguimiento: Propietario del sitio: OPTIA &#8211; [&hellip;]<\/p>\n","protected":false},"author":1,"featured_media":0,"parent":0,"menu_order":0,"comment_status":"closed","ping_status":"closed","template":"","meta":{"footnotes":""},"class_list":["post-8287","page","type-page","status-publish","hentry"],"yoast_head":"<!-- This site is optimized with the Yoast SEO plugin v24.5 - https:\/\/yoast.com\/wordpress\/plugins\/seo\/ -->\n<title>Informaci\u00f3n jur\u00eddica - Airport Club Blotzheim<\/title>\n<meta name=\"robots\" content=\"index, follow, max-snippet:-1, max-image-preview:large, max-video-preview:-1\" \/>\n<link rel=\"canonical\" href=\"https:\/\/complexe-airport-club.com\/es\/informacion-juridica\/\" \/>\n<meta property=\"og:locale\" content=\"es_ES\" \/>\n<meta property=\"og:type\" content=\"article\" \/>\n<meta property=\"og:title\" content=\"Informaci\u00f3n jur\u00eddica - Airport Club Blotzheim\" \/>\n<meta property=\"og:description\" content=\"Informaci\u00f3n jur\u00eddica 1 &#8211; Editar el sitio De conformidad con el art\u00edculo 6 de la Ley francesa n\u00ba 2004-575, de 21 de junio de 2004, sobre la confianza en la econom\u00eda digital, los usuarios del sitio web https:\/\/complexe-airport-club.com\/ la identidad de las distintas partes implicadas en su creaci\u00f3n y seguimiento: Propietario del sitio: OPTIA &#8211; [&hellip;]\" \/>\n<meta property=\"og:url\" content=\"https:\/\/complexe-airport-club.com\/es\/informacion-juridica\/\" \/>\n<meta property=\"og:site_name\" content=\"Airport Club Blotzheim\" \/>\n<meta property=\"article:modified_time\" content=\"2023-11-17T11:48:49+00:00\" \/>\n<meta name=\"twitter:card\" content=\"summary_large_image\" \/>\n<meta name=\"twitter:label1\" content=\"Tiempo de lectura\" \/>\n\t<meta name=\"twitter:data1\" content=\"4 minutos\" \/>\n<script type=\"application\/ld+json\" class=\"yoast-schema-graph\">{\"@context\":\"https:\/\/schema.org\",\"@graph\":[{\"@type\":\"WebPage\",\"@id\":\"https:\/\/complexe-airport-club.com\/es\/informacion-juridica\/\",\"url\":\"https:\/\/complexe-airport-club.com\/es\/informacion-juridica\/\",\"name\":\"Informaci\u00f3n jur\u00eddica - Airport Club Blotzheim\",\"isPartOf\":{\"@id\":\"https:\/\/complexe-airport-club.com\/es\/#website\"},\"datePublished\":\"2023-11-16T13:50:59+00:00\",\"dateModified\":\"2023-11-17T11:48:49+00:00\",\"breadcrumb\":{\"@id\":\"https:\/\/complexe-airport-club.com\/es\/informacion-juridica\/#breadcrumb\"},\"inLanguage\":\"es\",\"potentialAction\":[{\"@type\":\"ReadAction\",\"target\":[\"https:\/\/complexe-airport-club.com\/es\/informacion-juridica\/\"]}]},{\"@type\":\"BreadcrumbList\",\"@id\":\"https:\/\/complexe-airport-club.com\/es\/informacion-juridica\/#breadcrumb\",\"itemListElement\":[{\"@type\":\"ListItem\",\"position\":1,\"name\":\"Accueil\",\"item\":\"https:\/\/complexe-airport-club.com\/es\/inicio-cloned-10\/\"},{\"@type\":\"ListItem\",\"position\":2,\"name\":\"Informaci\u00f3n jur\u00eddica\"}]},{\"@type\":\"WebSite\",\"@id\":\"https:\/\/complexe-airport-club.com\/es\/#website\",\"url\":\"https:\/\/complexe-airport-club.com\/es\/\",\"name\":\"Airport Club Blotzheim\",\"description\":\"\",\"potentialAction\":[{\"@type\":\"SearchAction\",\"target\":{\"@type\":\"EntryPoint\",\"urlTemplate\":\"https:\/\/complexe-airport-club.com\/es\/?s={search_term_string}\"},\"query-input\":{\"@type\":\"PropertyValueSpecification\",\"valueRequired\":true,\"valueName\":\"search_term_string\"}}],\"inLanguage\":\"es\"}]}<\/script>\n<!-- \/ Yoast SEO plugin. -->","yoast_head_json":{"title":"Informaci\u00f3n jur\u00eddica - Airport Club Blotzheim","robots":{"index":"index","follow":"follow","max-snippet":"max-snippet:-1","max-image-preview":"max-image-preview:large","max-video-preview":"max-video-preview:-1"},"canonical":"https:\/\/complexe-airport-club.com\/es\/informacion-juridica\/","og_locale":"es_ES","og_type":"article","og_title":"Informaci\u00f3n jur\u00eddica - Airport Club Blotzheim","og_description":"Informaci\u00f3n jur\u00eddica 1 &#8211; Editar el sitio De conformidad con el art\u00edculo 6 de la Ley francesa n\u00ba 2004-575, de 21 de junio de 2004, sobre la confianza en la econom\u00eda digital, los usuarios del sitio web https:\/\/complexe-airport-club.com\/ la identidad de las distintas partes implicadas en su creaci\u00f3n y seguimiento: Propietario del sitio: OPTIA &#8211; [&hellip;]","og_url":"https:\/\/complexe-airport-club.com\/es\/informacion-juridica\/","og_site_name":"Airport Club Blotzheim","article_modified_time":"2023-11-17T11:48:49+00:00","twitter_card":"summary_large_image","twitter_misc":{"Tiempo de lectura":"4 minutos"},"schema":{"@context":"https:\/\/schema.org","@graph":[{"@type":"WebPage","@id":"https:\/\/complexe-airport-club.com\/es\/informacion-juridica\/","url":"https:\/\/complexe-airport-club.com\/es\/informacion-juridica\/","name":"Informaci\u00f3n jur\u00eddica - Airport Club Blotzheim","isPartOf":{"@id":"https:\/\/complexe-airport-club.com\/es\/#website"},"datePublished":"2023-11-16T13:50:59+00:00","dateModified":"2023-11-17T11:48:49+00:00","breadcrumb":{"@id":"https:\/\/complexe-airport-club.com\/es\/informacion-juridica\/#breadcrumb"},"inLanguage":"es","potentialAction":[{"@type":"ReadAction","target":["https:\/\/complexe-airport-club.com\/es\/informacion-juridica\/"]}]},{"@type":"BreadcrumbList","@id":"https:\/\/complexe-airport-club.com\/es\/informacion-juridica\/#breadcrumb","itemListElement":[{"@type":"ListItem","position":1,"name":"Accueil","item":"https:\/\/complexe-airport-club.com\/es\/inicio-cloned-10\/"},{"@type":"ListItem","position":2,"name":"Informaci\u00f3n jur\u00eddica"}]},{"@type":"WebSite","@id":"https:\/\/complexe-airport-club.com\/es\/#website","url":"https:\/\/complexe-airport-club.com\/es\/","name":"Airport Club Blotzheim","description":"","potentialAction":[{"@type":"SearchAction","target":{"@type":"EntryPoint","urlTemplate":"https:\/\/complexe-airport-club.com\/es\/?s={search_term_string}"},"query-input":{"@type":"PropertyValueSpecification","valueRequired":true,"valueName":"search_term_string"}}],"inLanguage":"es"}]}},"_links":{"self":[{"href":"https:\/\/complexe-airport-club.com\/es\/wp-json\/wp\/v2\/pages\/8287","targetHints":{"allow":["GET"]}}],"collection":[{"href":"https:\/\/complexe-airport-club.com\/es\/wp-json\/wp\/v2\/pages"}],"about":[{"href":"https:\/\/complexe-airport-club.com\/es\/wp-json\/wp\/v2\/types\/page"}],"author":[{"embeddable":true,"href":"https:\/\/complexe-airport-club.com\/es\/wp-json\/wp\/v2\/users\/1"}],"replies":[{"embeddable":true,"href":"https:\/\/complexe-airport-club.com\/es\/wp-json\/wp\/v2\/comments?post=8287"}],"version-history":[{"count":2,"href":"https:\/\/complexe-airport-club.com\/es\/wp-json\/wp\/v2\/pages\/8287\/revisions"}],"predecessor-version":[{"id":8391,"href":"https:\/\/complexe-airport-club.com\/es\/wp-json\/wp\/v2\/pages\/8287\/revisions\/8391"}],"wp:attachment":[{"href":"https:\/\/complexe-airport-club.com\/es\/wp-json\/wp\/v2\/media?parent=8287"}],"curies":[{"name":"wp","href":"https:\/\/api.w.org\/{rel}","templated":true}]}}