{"id":8273,"date":"2023-11-16T14:50:59","date_gmt":"2023-11-16T13:50:59","guid":{"rendered":"https:\/\/complexe-airport-club.com\/informazioni-legali\/"},"modified":"2023-11-17T12:48:49","modified_gmt":"2023-11-17T11:48:49","slug":"informazioni-legali","status":"publish","type":"page","link":"https:\/\/complexe-airport-club.com\/it\/informazioni-legali\/","title":{"rendered":"Informazioni legali"},"content":{"rendered":"\t\t<div data-elementor-type=\"wp-page\" data-elementor-id=\"8273\" class=\"elementor elementor-8273 elementor-8267\" data-elementor-settings=\"{&quot;ha_cmc_init_switcher&quot;:&quot;no&quot;}\" data-elementor-post-type=\"page\">\n\t\t\t\t\t\t<section class=\"elementor-section elementor-top-section elementor-element elementor-element-5aa2696 elementor-section-full_width elementor-section-height-default elementor-section-height-default\" data-id=\"5aa2696\" data-element_type=\"section\" data-settings=\"{&quot;background_background&quot;:&quot;classic&quot;,&quot;jet_parallax_layout_list&quot;:[],&quot;_ha_eqh_enable&quot;:false}\">\n\t\t\t\t\t\t<div class=\"elementor-container elementor-column-gap-default\">\n\t\t\t\t\t<div class=\"elementor-column elementor-col-100 elementor-top-column elementor-element elementor-element-47586ab\" data-id=\"47586ab\" data-element_type=\"column\">\n\t\t\t<div class=\"elementor-widget-wrap elementor-element-populated\">\n\t\t\t\t\t\t<section class=\"elementor-section elementor-inner-section elementor-element elementor-element-05f5b23 elementor-section-boxed elementor-section-height-default elementor-section-height-default\" data-id=\"05f5b23\" data-element_type=\"section\" data-settings=\"{&quot;background_background&quot;:&quot;classic&quot;,&quot;jet_parallax_layout_list&quot;:[],&quot;_ha_eqh_enable&quot;:false}\">\n\t\t\t\t\t\t\t<div class=\"elementor-background-overlay\"><\/div>\n\t\t\t\t\t\t\t<div class=\"elementor-container elementor-column-gap-default\">\n\t\t\t\t\t<div class=\"elementor-column elementor-col-100 elementor-inner-column elementor-element elementor-element-65995c4\" data-id=\"65995c4\" data-element_type=\"column\">\n\t\t\t<div class=\"elementor-widget-wrap elementor-element-populated\">\n\t\t\t\t\t\t<div class=\"elementor-element elementor-element-e8df3b1 elementor-widget elementor-widget-heading\" data-id=\"e8df3b1\" data-element_type=\"widget\" data-widget_type=\"heading.default\">\n\t\t\t\t<div class=\"elementor-widget-container\">\n\t\t\t\t\t<h1 class=\"elementor-heading-title elementor-size-default\">Informazioni legali<\/h1>\t\t\t\t<\/div>\n\t\t\t\t<\/div>\n\t\t\t\t\t<\/div>\n\t\t<\/div>\n\t\t\t\t\t<\/div>\n\t\t<\/section>\n\t\t\t\t\t<\/div>\n\t\t<\/div>\n\t\t\t\t\t<\/div>\n\t\t<\/section>\n\t\t<div class=\"elementor-element elementor-element-40834fe e-flex e-con-boxed e-con e-parent\" data-id=\"40834fe\" data-element_type=\"container\" data-settings=\"{&quot;jet_parallax_layout_list&quot;:[],&quot;_ha_eqh_enable&quot;:false}\">\n\t\t\t\t\t<div class=\"e-con-inner\">\n\t\t\t\t<div class=\"elementor-element elementor-element-d5dd910 elementor-widget elementor-widget-text-editor\" data-id=\"d5dd910\" data-element_type=\"widget\" data-widget_type=\"text-editor.default\">\n\t\t\t\t<div class=\"elementor-widget-container\">\n\t\t\t\t\t\t\t\t\t<h2><span id=\"lwptoc20\">1 &#8211; Modifica del sito<\/span><\/h2>\n<p>Ai sensi dell&#8217;<a href=\"https:\/\/www.legifrance.gouv.fr\/affichTexte.do?cidTexte=JORFTEXT000000801164#LEGIARTI000042038977\" target=\"_blank\" rel=\"noreferrer noopener\">articolo 6 della legge francese n. 2004-575 del 21 giugno 2004<\/a> sulla fiducia nell&#8217;economia digitale, gli utenti del sito web <strong><br \/>\n  <span class=\"ff_dynamic_value\" data-ref=\"url\" data-fallback=\"\">https:\/\/complexe-airport-club.com\/<\/span><br \/>\n<\/strong> l&#8217;identit\u00e0 dei vari soggetti coinvolti nella sua creazione e nel suo monitoraggio:<\/p>\n<p><strong>Proprietario del sito: <\/strong><span class=\"ff_dynamic_value\" data-ref=\"nom_proprietaire\" data-fallback=\"\">OPTIA<\/span> &#8211; Contatto: <span class=\"ff_dynamic_value\" data-ref=\"e_mail_contact\" data-fallback=\"\">hb7a8-dm@accor.com<\/span> <span class=\"ff_dynamic_value\" data-ref=\"telephone\" data-fallback=\"\">03 51 25 25 25<\/span> &#8211; Indirizzo: <span class=\"ff_dynamic_value\" data-ref=\"adresse_postale\" data-fallback=\"\">3 rue de l&#8217;industrie 68730 Blotzheim<\/span>.<\/p>\n<p><strong>Identificazione della societ\u00e0:<\/strong> <span class=\"ff_dynamic_value\" data-ref=\"forme_juridique\" data-fallback=\"\">SAS<\/span> <span class=\"ff_dynamic_value\" data-ref=\"nom_proprietaire\" data-fallback=\"\">OPTIA<\/span> con capitale sociale di <span class=\"ff_dynamic_value\" data-ref=\"capital_social\" data-fallback=\"\">700.000 euro<\/span>&#8211; SIREN: <span class=\"ff_dynamic_value\" data-ref=\"siren\" data-fallback=\"\">794503771<\/span> &#8211; RCS o RM: <span class=\"ff_dynamic_value\" data-ref=\"rcs\" data-fallback=\"\">Mulhouse B 794 503 771<\/span> &#8211; Indirizzo postale: <span class=\"ff_dynamic_value\" data-ref=\"adresse_postale\" data-fallback=\"\">3 rue de l&#8217;industrie 68730 Blotzheim<\/span><\/p>\n<p><strong>Responsabile della pubblicazione: <\/strong>&#8211; Contatto: .<\/p>\n<p><strong>Ospite:<\/strong> <span class=\"ff_dynamic_value\" data-ref=\"hebergeur\" data-fallback=\"\">1&amp;1 \/ IONOS &#8211; 7 Place de la Gare &#8211; 57200 Sarreguemines &#8211; Telefono: 09.70.80.89.11<\/span><\/p>\n<p><strong>Responsabile della protezione dei dati: <\/strong><span class=\"ff_dynamic_value\" data-ref=\"dpo\" data-fallback=\"\">Olivier Pachura<\/span> &#8211; <span class=\"ff_dynamic_value\" data-ref=\"contact_dpo\" data-fallback=\"\">hb7a8-dm@accor.com<\/span><\/p>\n<p><strong>Altri collaboratori :<\/strong><\/p>\n<hr class=\"wp-block-separator\">\n<h2><span id=\"lwptoc21\">2 &#8211; Propriet\u00e0 intellettuale e contraffazione.<\/span><\/h2>\n<p><strong><br \/>\n  <span class=\"ff_dynamic_value\" data-ref=\"nom_proprietaire\" data-fallback=\"\">OPTIA<\/span><br \/>\n<\/strong> \u00e8 titolare dei diritti di propriet\u00e0 intellettuale e detiene i diritti di utilizzo di tutti gli elementi accessibili sul sito web, in particolare testi, immagini, grafici, loghi, video, architetture, icone e suoni.<\/p>\n<p>\u00c8 vietata la riproduzione, la rappresentazione, la modifica, la pubblicazione, l&#8217;adattamento di tutti o parte degli elementi del sito, qualunque sia il mezzo o il processo utilizzato, salvo previa autorizzazione scritta di <strong><br \/>\n  <span class=\"ff_dynamic_value\" data-ref=\"nom_proprietaire\" data-fallback=\"\">OPTIA<\/span><br \/>\n<\/strong>.<\/p>\n<p>Qualsiasi utilizzo non autorizzato del sito o di uno qualsiasi degli elementi in esso contenuti sar\u00e0 considerato come una violazione e sar\u00e0 perseguito in conformit\u00e0 alle disposizioni degli articoli <a href=\"https:\/\/www.legifrance.gouv.fr\/affichCodeArticle.do?idArticle=LEGIARTI000032655082&amp;cidTexte=LEGITEXT000006069414&amp;dateTexte=20160605\" target=\"_blank\" rel=\"noreferrer nofollow noopener\">L.335-2 e seguenti del Codice della Propriet\u00e0 Intellettuale francese<\/a>.<\/p>\n<hr class=\"wp-block-separator\">\n<h2><span id=\"lwptoc22\">3 &#8211; Limitazioni di responsabilit\u00e0.<\/span><\/h2>\n<p><strong><br \/>\n  <span class=\"ff_dynamic_value\" data-ref=\"nom_proprietaire\" data-fallback=\"\">OPTIA<\/span><br \/>\n<\/strong> non potr\u00e0 essere ritenuta responsabile per eventuali danni diretti o indiretti causati alle apparecchiature dell&#8217;utente durante l&#8217;accesso al sito <strong><br \/>\n  <span class=\"ff_dynamic_value\" data-ref=\"url\" data-fallback=\"\">https:\/\/complexe-airport-club.com\/<\/span><br \/>\n<\/strong>.<\/p>\n<p><strong><br \/>\n  <span class=\"ff_dynamic_value\" data-ref=\"nom_proprietaire\" data-fallback=\"\">OPTIA<\/span><br \/>\n<\/strong> declina ogni responsabilit\u00e0 per l&#8217;uso che pu\u00f2 essere fatto delle informazioni e dei contenuti presenti su <strong><br \/>\n  <span class=\"ff_dynamic_value\" data-ref=\"url\" data-fallback=\"\">https:\/\/complexe-airport-club.com\/<\/span><br \/>\n<\/strong>.<\/p>\n<p><strong><br \/>\n  <span class=\"ff_dynamic_value\" data-ref=\"nom_proprietaire\" data-fallback=\"\">OPTIA<\/span><br \/>\n<\/strong> si impegna a rendere il sito il pi\u00f9 sicuro possibile <strong><br \/>\n  <span class=\"ff_dynamic_value\" data-ref=\"url\" data-fallback=\"\">https:\/\/complexe-airport-club.com\/<\/span><br \/>\n<\/strong>Tuttavia, OPTIA non pu\u00f2 essere ritenuta responsabile se sul suo sito vengono importati e installati dati indesiderati a sua insaputa.<\/p>\n<p>Gli utenti hanno a disposizione aree interattive (spazio per i contatti o per i commenti). <strong><br \/>\n  <span class=\"ff_dynamic_value\" data-ref=\"nom_proprietaire\" data-fallback=\"\">OPTIA<\/span><br \/>\n<\/strong> si riserva il diritto di eliminare, senza preavviso, qualsiasi contenuto pubblicato in quest&#8217;area che contravvenga alla legislazione applicabile in Francia, in particolare alle disposizioni relative alla protezione dei dati.<\/p>\n<p>Se applicabile, <strong><br \/>\n  <span class=\"ff_dynamic_value\" data-ref=\"nom_proprietaire\" data-fallback=\"\">OPTIA<\/span><br \/>\n<\/strong> si riserva inoltre il diritto di ritenere l&#8217;utente responsabile civilmente e\/o penalmente, in particolare in caso di messaggi di natura razzista, ingiuriosa, diffamatoria o pornografica, indipendentemente dal mezzo utilizzato (testo, fotografie, ecc.).<\/p>\n<hr class=\"wp-block-separator\">\n<h2><span id=\"lwptoc23\">4 &#8211; CNIL e gestione dei dati personali.<\/span><\/h2>\n<p>Conformemente alle disposizioni della <a href=\"https:\/\/www.legifrance.gouv.fr\/affichTexte.do?cidTexte=JORFTEXT000000886460\" target=\"_blank\" rel=\"noreferrer nofollow noopener\">legge 78-17 del 6 gennaio 1978 e successive modifiche<\/a>, gli utenti del sito <strong><br \/>\n  <span class=\"ff_dynamic_value\" data-ref=\"url\" data-fallback=\"\">https:\/\/complexe-airport-club.com\/<\/span><br \/>\n<\/strong> hanno il diritto di accedere, modificare e cancellare le informazioni raccolte. Per esercitare questo diritto, inviare un messaggio al nostro responsabile della protezione dei dati: <strong><br \/>\n  <span class=\"ff_dynamic_value\" data-ref=\"dpo\" data-fallback=\"\">Olivier Pachura<\/span><br \/>\n<\/strong> &#8211; <strong><br \/>\n  <span class=\"ff_dynamic_value\" data-ref=\"contact_dpo\" data-fallback=\"\">hb7a8-dm@accor.com<\/span><br \/>\n<\/strong>.<\/p>\n<p>Per maggiori informazioni su come trattiamo i vostri dati (tipo di dati, finalit\u00e0, destinatario, ecc.), vi invitiamo a leggere la nostra informativa sulla privacy. <strong><br \/>\n  <span class=\"ff_dynamic_value\" data-ref=\"politique_confidentialite\" data-fallback=\"\">https:\/\/complexe-airport-club.com\/politique-de-cookies-ue\/<\/span><br \/>\n<\/strong>.<\/p>\n<hr class=\"wp-block-separator\">\n<h2><span id=\"lwptoc24\">5 &#8211; Link ipertestuali e cookie<\/span><\/h2>\n<p>Il sito web <strong><br \/>\n  <span class=\"ff_dynamic_value\" data-ref=\"url\" data-fallback=\"\">https:\/\/complexe-airport-club.com\/<\/span><br \/>\n<\/strong> contiene collegamenti ipertestuali ad altri siti e non si assume alcuna responsabilit\u00e0 per questi collegamenti esterni o per i collegamenti creati da altri siti a <strong><br \/>\n  <span class=\"ff_dynamic_value\" data-ref=\"url\" data-fallback=\"\">https:\/\/complexe-airport-club.com\/<\/span><br \/>\n<\/strong>.<\/p>\n<p>Navigazione nel sito <strong><br \/>\n  <span class=\"ff_dynamic_value\" data-ref=\"url\" data-fallback=\"\">https:\/\/complexe-airport-club.com\/<\/span><br \/>\n<\/strong> pu\u00f2 causare l&#8217;installazione di cookie sul computer dell&#8217;utente.<\/p>\n<p>Un &#8220;cookie&#8221; \u00e8 un piccolo file che registra informazioni sulla navigazione dell&#8217;utente su un sito. I dati ottenuti in questo modo possono essere utilizzati per misurare il numero di visitatori, ad esempio.<\/p>\n<p>\u00c8 possibile <strong>accettare o rifiutare i cookie<\/strong> modificando le impostazioni del browser. Non verranno depositati cookie senza il vostro consenso.<\/p>\n<p>I cookie vengono memorizzati per un massimo di <span class=\"ff_dynamic_value\" data-ref=\"cookies\" data-fallback=\"\">1<\/span> mese.<\/p>\n<p>Per maggiori informazioni su come utilizziamo i cookie, leggere il nostro sito <strong><br \/>\n  <span class=\"ff_dynamic_value\" data-ref=\"politique_confidentialite\" data-fallback=\"\">https:\/\/complexe-airport-club.com\/politique-de-cookies-ue\/<\/span><br \/>\n<\/strong>.  <\/p>\n<hr class=\"wp-block-separator\">\n<h2><span id=\"lwptoc25\">6 &#8211; Legge applicabile e giurisdizione.<\/span><\/h2>\n<p>Qualsiasi controversia relativa all&#8217;utilizzo del sito <strong><br \/>\n  <span class=\"ff_dynamic_value\" data-ref=\"url\" data-fallback=\"\">https:\/\/complexe-airport-club.com\/<\/span><br \/>\n<\/strong> \u00e8 soggetta alla legge francese. Salvo i casi in cui la legge non lo consenta, la giurisdizione esclusiva \u00e8 attribuita ai tribunali competenti di <strong><br \/>\n  <span class=\"ff_dynamic_value\" data-ref=\"ville_du_tribunal\" data-fallback=\"\">Mulhouse<\/span><br \/>\n<\/strong>.<\/p>\n\t\t\t\t\t\t\t\t<\/div>\n\t\t\t\t<\/div>\n\t\t\t\t\t<\/div>\n\t\t\t\t<\/div>\n\t\t\t\t<\/div>\n\t\t","protected":false},"excerpt":{"rendered":"<p>Informazioni legali 1 &#8211; Modifica del sito Ai sensi dell&#8217;articolo 6 della legge francese n. 2004-575 del 21 giugno 2004 sulla fiducia nell&#8217;economia digitale, gli utenti del sito web https:\/\/complexe-airport-club.com\/ l&#8217;identit\u00e0 dei vari soggetti coinvolti nella sua creazione e nel suo monitoraggio: Proprietario del sito: OPTIA &#8211; Contatto: hb7a8-dm@accor.com 03 51 25 25 25 &#8211; [&hellip;]<\/p>\n","protected":false},"author":1,"featured_media":0,"parent":0,"menu_order":0,"comment_status":"closed","ping_status":"closed","template":"","meta":{"footnotes":""},"class_list":["post-8273","page","type-page","status-publish","hentry"],"yoast_head":"<!-- This site is optimized with the Yoast SEO plugin v24.5 - https:\/\/yoast.com\/wordpress\/plugins\/seo\/ -->\n<title>Informazioni legali - Airport Club Blotzheim<\/title>\n<meta name=\"robots\" content=\"index, follow, max-snippet:-1, max-image-preview:large, max-video-preview:-1\" \/>\n<link rel=\"canonical\" href=\"https:\/\/complexe-airport-club.com\/it\/informazioni-legali\/\" \/>\n<meta property=\"og:locale\" content=\"it_IT\" \/>\n<meta property=\"og:type\" content=\"article\" \/>\n<meta property=\"og:title\" content=\"Informazioni legali - Airport Club Blotzheim\" \/>\n<meta property=\"og:description\" content=\"Informazioni legali 1 &#8211; Modifica del sito Ai sensi dell&#8217;articolo 6 della legge francese n. 2004-575 del 21 giugno 2004 sulla fiducia nell&#8217;economia digitale, gli utenti del sito web https:\/\/complexe-airport-club.com\/ l&#8217;identit\u00e0 dei vari soggetti coinvolti nella sua creazione e nel suo monitoraggio: Proprietario del sito: OPTIA &#8211; Contatto: hb7a8-dm@accor.com 03 51 25 25 25 &#8211; [&hellip;]\" \/>\n<meta property=\"og:url\" content=\"https:\/\/complexe-airport-club.com\/it\/informazioni-legali\/\" \/>\n<meta property=\"og:site_name\" content=\"Airport Club Blotzheim\" \/>\n<meta property=\"article:modified_time\" content=\"2023-11-17T11:48:49+00:00\" \/>\n<meta name=\"twitter:card\" content=\"summary_large_image\" \/>\n<meta name=\"twitter:label1\" content=\"Tempo di lettura stimato\" \/>\n\t<meta name=\"twitter:data1\" content=\"3 minuti\" \/>\n<script type=\"application\/ld+json\" class=\"yoast-schema-graph\">{\"@context\":\"https:\/\/schema.org\",\"@graph\":[{\"@type\":\"WebPage\",\"@id\":\"https:\/\/complexe-airport-club.com\/it\/informazioni-legali\/\",\"url\":\"https:\/\/complexe-airport-club.com\/it\/informazioni-legali\/\",\"name\":\"Informazioni legali - Airport Club Blotzheim\",\"isPartOf\":{\"@id\":\"https:\/\/complexe-airport-club.com\/it\/#website\"},\"datePublished\":\"2023-11-16T13:50:59+00:00\",\"dateModified\":\"2023-11-17T11:48:49+00:00\",\"breadcrumb\":{\"@id\":\"https:\/\/complexe-airport-club.com\/it\/informazioni-legali\/#breadcrumb\"},\"inLanguage\":\"it-IT\",\"potentialAction\":[{\"@type\":\"ReadAction\",\"target\":[\"https:\/\/complexe-airport-club.com\/it\/informazioni-legali\/\"]}]},{\"@type\":\"BreadcrumbList\",\"@id\":\"https:\/\/complexe-airport-club.com\/it\/informazioni-legali\/#breadcrumb\",\"itemListElement\":[{\"@type\":\"ListItem\",\"position\":1,\"name\":\"Accueil\",\"item\":\"https:\/\/complexe-airport-club.com\/it\/casa-cloned-10\/\"},{\"@type\":\"ListItem\",\"position\":2,\"name\":\"Informazioni legali\"}]},{\"@type\":\"WebSite\",\"@id\":\"https:\/\/complexe-airport-club.com\/it\/#website\",\"url\":\"https:\/\/complexe-airport-club.com\/it\/\",\"name\":\"Airport Club Blotzheim\",\"description\":\"\",\"potentialAction\":[{\"@type\":\"SearchAction\",\"target\":{\"@type\":\"EntryPoint\",\"urlTemplate\":\"https:\/\/complexe-airport-club.com\/it\/?s={search_term_string}\"},\"query-input\":{\"@type\":\"PropertyValueSpecification\",\"valueRequired\":true,\"valueName\":\"search_term_string\"}}],\"inLanguage\":\"it-IT\"}]}<\/script>\n<!-- \/ Yoast SEO plugin. -->","yoast_head_json":{"title":"Informazioni legali - Airport Club Blotzheim","robots":{"index":"index","follow":"follow","max-snippet":"max-snippet:-1","max-image-preview":"max-image-preview:large","max-video-preview":"max-video-preview:-1"},"canonical":"https:\/\/complexe-airport-club.com\/it\/informazioni-legali\/","og_locale":"it_IT","og_type":"article","og_title":"Informazioni legali - Airport Club Blotzheim","og_description":"Informazioni legali 1 &#8211; Modifica del sito Ai sensi dell&#8217;articolo 6 della legge francese n. 2004-575 del 21 giugno 2004 sulla fiducia nell&#8217;economia digitale, gli utenti del sito web https:\/\/complexe-airport-club.com\/ l&#8217;identit\u00e0 dei vari soggetti coinvolti nella sua creazione e nel suo monitoraggio: Proprietario del sito: OPTIA &#8211; Contatto: hb7a8-dm@accor.com 03 51 25 25 25 &#8211; [&hellip;]","og_url":"https:\/\/complexe-airport-club.com\/it\/informazioni-legali\/","og_site_name":"Airport Club Blotzheim","article_modified_time":"2023-11-17T11:48:49+00:00","twitter_card":"summary_large_image","twitter_misc":{"Tempo di lettura stimato":"3 minuti"},"schema":{"@context":"https:\/\/schema.org","@graph":[{"@type":"WebPage","@id":"https:\/\/complexe-airport-club.com\/it\/informazioni-legali\/","url":"https:\/\/complexe-airport-club.com\/it\/informazioni-legali\/","name":"Informazioni legali - Airport Club Blotzheim","isPartOf":{"@id":"https:\/\/complexe-airport-club.com\/it\/#website"},"datePublished":"2023-11-16T13:50:59+00:00","dateModified":"2023-11-17T11:48:49+00:00","breadcrumb":{"@id":"https:\/\/complexe-airport-club.com\/it\/informazioni-legali\/#breadcrumb"},"inLanguage":"it-IT","potentialAction":[{"@type":"ReadAction","target":["https:\/\/complexe-airport-club.com\/it\/informazioni-legali\/"]}]},{"@type":"BreadcrumbList","@id":"https:\/\/complexe-airport-club.com\/it\/informazioni-legali\/#breadcrumb","itemListElement":[{"@type":"ListItem","position":1,"name":"Accueil","item":"https:\/\/complexe-airport-club.com\/it\/casa-cloned-10\/"},{"@type":"ListItem","position":2,"name":"Informazioni legali"}]},{"@type":"WebSite","@id":"https:\/\/complexe-airport-club.com\/it\/#website","url":"https:\/\/complexe-airport-club.com\/it\/","name":"Airport Club Blotzheim","description":"","potentialAction":[{"@type":"SearchAction","target":{"@type":"EntryPoint","urlTemplate":"https:\/\/complexe-airport-club.com\/it\/?s={search_term_string}"},"query-input":{"@type":"PropertyValueSpecification","valueRequired":true,"valueName":"search_term_string"}}],"inLanguage":"it-IT"}]}},"_links":{"self":[{"href":"https:\/\/complexe-airport-club.com\/it\/wp-json\/wp\/v2\/pages\/8273","targetHints":{"allow":["GET"]}}],"collection":[{"href":"https:\/\/complexe-airport-club.com\/it\/wp-json\/wp\/v2\/pages"}],"about":[{"href":"https:\/\/complexe-airport-club.com\/it\/wp-json\/wp\/v2\/types\/page"}],"author":[{"embeddable":true,"href":"https:\/\/complexe-airport-club.com\/it\/wp-json\/wp\/v2\/users\/1"}],"replies":[{"embeddable":true,"href":"https:\/\/complexe-airport-club.com\/it\/wp-json\/wp\/v2\/comments?post=8273"}],"version-history":[{"count":3,"href":"https:\/\/complexe-airport-club.com\/it\/wp-json\/wp\/v2\/pages\/8273\/revisions"}],"predecessor-version":[{"id":8388,"href":"https:\/\/complexe-airport-club.com\/it\/wp-json\/wp\/v2\/pages\/8273\/revisions\/8388"}],"wp:attachment":[{"href":"https:\/\/complexe-airport-club.com\/it\/wp-json\/wp\/v2\/media?parent=8273"}],"curies":[{"name":"wp","href":"https:\/\/api.w.org\/{rel}","templated":true}]}}