{"id":8283,"date":"2023-11-16T14:50:59","date_gmt":"2023-11-16T13:50:59","guid":{"rendered":"https:\/\/complexe-airport-club.com\/informacao-juridica\/"},"modified":"2023-11-17T12:48:49","modified_gmt":"2023-11-17T11:48:49","slug":"informacao-juridica","status":"publish","type":"page","link":"https:\/\/complexe-airport-club.com\/pt-pt\/informacao-juridica\/","title":{"rendered":"Informa\u00e7\u00e3o jur\u00eddica"},"content":{"rendered":"\t\t<div data-elementor-type=\"wp-page\" data-elementor-id=\"8283\" class=\"elementor elementor-8283 elementor-8267\" data-elementor-settings=\"{&quot;ha_cmc_init_switcher&quot;:&quot;no&quot;}\" data-elementor-post-type=\"page\">\n\t\t\t\t\t\t<section class=\"elementor-section elementor-top-section elementor-element elementor-element-5aa2696 elementor-section-full_width elementor-section-height-default elementor-section-height-default\" data-id=\"5aa2696\" data-element_type=\"section\" data-settings=\"{&quot;background_background&quot;:&quot;classic&quot;,&quot;jet_parallax_layout_list&quot;:[],&quot;_ha_eqh_enable&quot;:false}\">\n\t\t\t\t\t\t<div class=\"elementor-container elementor-column-gap-default\">\n\t\t\t\t\t<div class=\"elementor-column elementor-col-100 elementor-top-column elementor-element elementor-element-47586ab\" data-id=\"47586ab\" data-element_type=\"column\">\n\t\t\t<div class=\"elementor-widget-wrap elementor-element-populated\">\n\t\t\t\t\t\t<section class=\"elementor-section elementor-inner-section elementor-element elementor-element-05f5b23 elementor-section-boxed elementor-section-height-default elementor-section-height-default\" data-id=\"05f5b23\" data-element_type=\"section\" data-settings=\"{&quot;background_background&quot;:&quot;classic&quot;,&quot;jet_parallax_layout_list&quot;:[],&quot;_ha_eqh_enable&quot;:false}\">\n\t\t\t\t\t\t\t<div class=\"elementor-background-overlay\"><\/div>\n\t\t\t\t\t\t\t<div class=\"elementor-container elementor-column-gap-default\">\n\t\t\t\t\t<div class=\"elementor-column elementor-col-100 elementor-inner-column elementor-element elementor-element-65995c4\" data-id=\"65995c4\" data-element_type=\"column\">\n\t\t\t<div class=\"elementor-widget-wrap elementor-element-populated\">\n\t\t\t\t\t\t<div class=\"elementor-element elementor-element-e8df3b1 elementor-widget elementor-widget-heading\" data-id=\"e8df3b1\" data-element_type=\"widget\" data-widget_type=\"heading.default\">\n\t\t\t\t<div class=\"elementor-widget-container\">\n\t\t\t\t\t<h1 class=\"elementor-heading-title elementor-size-default\">Informa\u00e7\u00e3o jur\u00eddica<\/h1>\t\t\t\t<\/div>\n\t\t\t\t<\/div>\n\t\t\t\t\t<\/div>\n\t\t<\/div>\n\t\t\t\t\t<\/div>\n\t\t<\/section>\n\t\t\t\t\t<\/div>\n\t\t<\/div>\n\t\t\t\t\t<\/div>\n\t\t<\/section>\n\t\t<div class=\"elementor-element elementor-element-40834fe e-flex e-con-boxed e-con e-parent\" data-id=\"40834fe\" data-element_type=\"container\" data-settings=\"{&quot;jet_parallax_layout_list&quot;:[],&quot;_ha_eqh_enable&quot;:false}\">\n\t\t\t\t\t<div class=\"e-con-inner\">\n\t\t\t\t<div class=\"elementor-element elementor-element-d5dd910 elementor-widget elementor-widget-text-editor\" data-id=\"d5dd910\" data-element_type=\"widget\" data-widget_type=\"text-editor.default\">\n\t\t\t\t<div class=\"elementor-widget-container\">\n\t\t\t\t\t\t\t\t\t<h2><span id=\"lwptoc20\">1 &#8211; Editar o s\u00edtio<\/span><\/h2>\n<p>Em aplica\u00e7\u00e3o do <a href=\"https:\/\/www.legifrance.gouv.fr\/affichTexte.do?cidTexte=JORFTEXT000000801164#LEGIARTI000042038977\" target=\"_blank\" rel=\"noreferrer noopener\">artigo 6.\u00ba da lei francesa n.\u00ba 2004-575 de 21 de junho de 2004<\/a> relativa \u00e0 confian\u00e7a na economia digital, os utilizadores do s\u00edtio <strong><br \/>\n  <span class=\"ff_dynamic_value\" data-ref=\"url\" data-fallback=\"\">https:\/\/complexe-airport-club.com\/<\/span><br \/>\n<\/strong> a identidade dos diferentes intervenientes na sua cria\u00e7\u00e3o e controlo:<\/p>\n<p><strong>Propriet\u00e1rio do s\u00edtio: <\/strong><span class=\"ff_dynamic_value\" data-ref=\"nom_proprietaire\" data-fallback=\"\">OPTIA<\/span> &#8211; Contacto: <span class=\"ff_dynamic_value\" data-ref=\"e_mail_contact\" data-fallback=\"\">hb7a8-dm@accor.com<\/span> <span class=\"ff_dynamic_value\" data-ref=\"telephone\" data-fallback=\"\">03 51 25 25 25<\/span> &#8211; Endere\u00e7o: <span class=\"ff_dynamic_value\" data-ref=\"adresse_postale\" data-fallback=\"\">3 rue de l&#8217;industrie 68730 Blotzheim<\/span>.<\/p>\n<p><strong>Identifica\u00e7\u00e3o da empresa:<\/strong> <span class=\"ff_dynamic_value\" data-ref=\"forme_juridique\" data-fallback=\"\">SAS<\/span> <span class=\"ff_dynamic_value\" data-ref=\"nom_proprietaire\" data-fallback=\"\">OPTIA<\/span> com um capital social de <span class=\"ff_dynamic_value\" data-ref=\"capital_social\" data-fallback=\"\">700 000 euros<\/span>&#8211; SIREN: <span class=\"ff_dynamic_value\" data-ref=\"siren\" data-fallback=\"\">794503771<\/span> &#8211; RCS ou RM: <span class=\"ff_dynamic_value\" data-ref=\"rcs\" data-fallback=\"\">Mulhouse B 794 503 771<\/span> &#8211; Endere\u00e7o postal: <span class=\"ff_dynamic_value\" data-ref=\"adresse_postale\" data-fallback=\"\">3 rue de l&#8217;industrie 68730 Blotzheim<\/span><\/p>\n<p><strong>Respons\u00e1vel pela publica\u00e7\u00e3o: <\/strong>&#8211; Contacto: .<\/p>\n<p><strong>Anfitri\u00e3o:<\/strong> <span class=\"ff_dynamic_value\" data-ref=\"hebergeur\" data-fallback=\"\">1&amp;1 \/ IONOS &#8211; 7 Place de la Gare &#8211; 57200 Sarreguemines &#8211; Telefone: 09.70.80.89.11<\/span><\/p>\n<p><strong>Respons\u00e1vel pela prote\u00e7\u00e3o de dados: <\/strong><span class=\"ff_dynamic_value\" data-ref=\"dpo\" data-fallback=\"\">Olivier Pachura<\/span> &#8211; <span class=\"ff_dynamic_value\" data-ref=\"contact_dpo\" data-fallback=\"\">hb7a8-dm@accor.com<\/span><\/p>\n<p><strong>Outros colaboradores :<\/strong><\/p>\n<hr class=\"wp-block-separator\">\n<h2><span id=\"lwptoc21\">2 &#8211; Propriedade intelectual e contrafa\u00e7\u00e3o.<\/span><\/h2>\n<p><strong><br \/>\n  <span class=\"ff_dynamic_value\" data-ref=\"nom_proprietaire\" data-fallback=\"\">OPTIA<\/span><br \/>\n<\/strong> \u00e9 a propriet\u00e1ria dos direitos de propriedade intelectual e det\u00e9m os direitos de utiliza\u00e7\u00e3o de todos os elementos acess\u00edveis no s\u00edtio Web, nomeadamente os textos, imagens, gr\u00e1ficos, log\u00f3tipos, v\u00eddeos, arquitetura, \u00edcones e sons.<\/p>\n<p>\u00c9 proibida qualquer reprodu\u00e7\u00e3o, representa\u00e7\u00e3o, modifica\u00e7\u00e3o, publica\u00e7\u00e3o, adapta\u00e7\u00e3o da totalidade ou de parte dos elementos do s\u00edtio, independentemente dos meios ou processos utilizados, exceto com a autoriza\u00e7\u00e3o pr\u00e9via por escrito da <strong><br \/>\n  <span class=\"ff_dynamic_value\" data-ref=\"nom_proprietaire\" data-fallback=\"\">OPTIA<\/span><br \/>\n<\/strong>.<\/p>\n<p>Qualquer utiliza\u00e7\u00e3o n\u00e3o autorizada do site ou de qualquer um dos elementos nele contidos ser\u00e1 considerada como constituindo uma infra\u00e7\u00e3o e ser\u00e1 processada em conformidade com as disposi\u00e7\u00f5es dos artigos <a href=\"https:\/\/www.legifrance.gouv.fr\/affichCodeArticle.do?idArticle=LEGIARTI000032655082&amp;cidTexte=LEGITEXT000006069414&amp;dateTexte=20160605\" target=\"_blank\" rel=\"noreferrer nofollow noopener\">L.335-2 e seguintes do C\u00f3digo da Propriedade Intelectual franc\u00eas<\/a>.<\/p>\n<hr class=\"wp-block-separator\">\n<h2><span id=\"lwptoc22\">3 &#8211; Limita\u00e7\u00f5es de responsabilidade.<\/span><\/h2>\n<p><strong><br \/>\n  <span class=\"ff_dynamic_value\" data-ref=\"nom_proprietaire\" data-fallback=\"\">OPTIA<\/span><br \/>\n<\/strong> n\u00e3o pode ser responsabilizada por quaisquer danos directos ou indirectos causados ao equipamento do utilizador durante o acesso ao s\u00edtio <strong><br \/>\n  <span class=\"ff_dynamic_value\" data-ref=\"url\" data-fallback=\"\">https:\/\/complexe-airport-club.com\/<\/span><br \/>\n<\/strong>.<\/p>\n<p><strong><br \/>\n  <span class=\"ff_dynamic_value\" data-ref=\"nom_proprietaire\" data-fallback=\"\">OPTIA<\/span><br \/>\n<\/strong> declina qualquer responsabilidade pela utiliza\u00e7\u00e3o que possa ser feita das informa\u00e7\u00f5es e conte\u00fados presentes em <strong><br \/>\n  <span class=\"ff_dynamic_value\" data-ref=\"url\" data-fallback=\"\">https:\/\/complexe-airport-club.com\/<\/span><br \/>\n<\/strong>.<\/p>\n<p><strong><br \/>\n  <span class=\"ff_dynamic_value\" data-ref=\"nom_proprietaire\" data-fallback=\"\">OPTIA<\/span><br \/>\n<\/strong> est\u00e1 empenhada em tornar o s\u00edtio t\u00e3o seguro quanto poss\u00edvel <strong><br \/>\n  <span class=\"ff_dynamic_value\" data-ref=\"url\" data-fallback=\"\">https:\/\/complexe-airport-club.com\/<\/span><br \/>\n<\/strong>No entanto, a OPTIA n\u00e3o pode ser responsabilizada se forem importados e instalados dados indesej\u00e1veis no seu s\u00edtio sem o seu conhecimento.<\/p>\n<p>Os utilizadores t\u00eam \u00e0 sua disposi\u00e7\u00e3o \u00e1reas interactivas (espa\u00e7o de contacto ou coment\u00e1rios). <strong><br \/>\n  <span class=\"ff_dynamic_value\" data-ref=\"nom_proprietaire\" data-fallback=\"\">OPTIA<\/span><br \/>\n<\/strong> reserva-se o direito de eliminar, sem aviso pr\u00e9vio, qualquer conte\u00fado publicado neste espa\u00e7o que viole a legisla\u00e7\u00e3o aplic\u00e1vel em Fran\u00e7a, nomeadamente as disposi\u00e7\u00f5es relativas \u00e0 prote\u00e7\u00e3o de dados.<\/p>\n<p>Se aplic\u00e1vel, <strong><br \/>\n  <span class=\"ff_dynamic_value\" data-ref=\"nom_proprietaire\" data-fallback=\"\">OPTIA<\/span><br \/>\n<\/strong> reserva-se igualmente o direito de responsabilizar civil e\/ou criminalmente o utilizador, nomeadamente no caso de mensagens de car\u00e1cter racista, injurioso, difamat\u00f3rio ou pornogr\u00e1fico, independentemente do suporte utilizado (texto, fotografias, etc.).<\/p>\n<hr class=\"wp-block-separator\">\n<h2><span id=\"lwptoc23\">4 &#8211; A CNIL e a gest\u00e3o dos dados pessoais.<\/span><\/h2>\n<p>Em conformidade com as disposi\u00e7\u00f5es da <a href=\"https:\/\/www.legifrance.gouv.fr\/affichTexte.do?cidTexte=JORFTEXT000000886460\" target=\"_blank\" rel=\"noreferrer nofollow noopener\">lei 78-17 de 6 de janeiro de 1978, tal como alterada<\/a>, os utilizadores do s\u00edtio <strong><br \/>\n  <span class=\"ff_dynamic_value\" data-ref=\"url\" data-fallback=\"\">https:\/\/complexe-airport-club.com\/<\/span><br \/>\n<\/strong> tem o direito de aceder, modificar e apagar todas as informa\u00e7\u00f5es recolhidas. Para exercer este direito, envie uma mensagem ao nosso respons\u00e1vel pela prote\u00e7\u00e3o de dados: <strong><br \/>\n  <span class=\"ff_dynamic_value\" data-ref=\"dpo\" data-fallback=\"\">Olivier Pachura<\/span><br \/>\n<\/strong> &#8211; <strong><br \/>\n  <span class=\"ff_dynamic_value\" data-ref=\"contact_dpo\" data-fallback=\"\">hb7a8-dm@accor.com<\/span><br \/>\n<\/strong>.<\/p>\n<p>Para mais informa\u00e7\u00f5es sobre a forma como processamos os seus dados (tipo de dados, finalidade, destinat\u00e1rio, etc.), leia a nossa pol\u00edtica de privacidade. <strong><br \/>\n  <span class=\"ff_dynamic_value\" data-ref=\"politique_confidentialite\" data-fallback=\"\">https:\/\/complexe-airport-club.com\/politique-de-cookies-ue\/<\/span><br \/>\n<\/strong>.<\/p>\n<hr class=\"wp-block-separator\">\n<h2><span id=\"lwptoc24\">5 &#8211; Liga\u00e7\u00f5es de hipertexto e cookies<\/span><\/h2>\n<p>O s\u00edtio Web <strong><br \/>\n  <span class=\"ff_dynamic_value\" data-ref=\"url\" data-fallback=\"\">https:\/\/complexe-airport-club.com\/<\/span><br \/>\n<\/strong> cont\u00e9m liga\u00e7\u00f5es de hipertexto para outros s\u00edtios e n\u00e3o aceita qualquer responsabilidade por estas liga\u00e7\u00f5es externas ou por liga\u00e7\u00f5es criadas por outros s\u00edtios para <strong><br \/>\n  <span class=\"ff_dynamic_value\" data-ref=\"url\" data-fallback=\"\">https:\/\/complexe-airport-club.com\/<\/span><br \/>\n<\/strong>.<\/p>\n<p>Navega\u00e7\u00e3o no s\u00edtio <strong><br \/>\n  <span class=\"ff_dynamic_value\" data-ref=\"url\" data-fallback=\"\">https:\/\/complexe-airport-club.com\/<\/span><br \/>\n<\/strong> pode provocar a instala\u00e7\u00e3o de cookies no computador do utilizador.<\/p>\n<p>Um &#8220;cookie&#8221; \u00e9 um pequeno ficheiro que regista informa\u00e7\u00f5es sobre a navega\u00e7\u00e3o de um utilizador num s\u00edtio. Os dados obtidos desta forma podem ser utilizados para medir o n\u00famero de visitantes, por exemplo.<\/p>\n<p>Pode <strong>aceitar ou recusar cookies<\/strong> modificando as defini\u00e7\u00f5es do seu browser. N\u00e3o ser\u00e3o depositados cookies sem o seu consentimento.<\/p>\n<p>Os cookies s\u00e3o armazenados por um per\u00edodo m\u00e1ximo de <span class=\"ff_dynamic_value\" data-ref=\"cookies\" data-fallback=\"\">1<\/span> m\u00eas.<\/p>\n<p>Para mais informa\u00e7\u00f5es sobre a forma como utilizamos os cookies, leia o nosso <strong><br \/>\n  <span class=\"ff_dynamic_value\" data-ref=\"politique_confidentialite\" data-fallback=\"\">https:\/\/complexe-airport-club.com\/politique-de-cookies-ue\/<\/span><br \/>\n<\/strong>.  <\/p>\n<hr class=\"wp-block-separator\">\n<h2><span id=\"lwptoc25\">6 &#8211; Direito aplic\u00e1vel e jurisdi\u00e7\u00e3o.<\/span><\/h2>\n<p>Qualquer lit\u00edgio relacionado com a utiliza\u00e7\u00e3o do s\u00edtio <strong><br \/>\n  <span class=\"ff_dynamic_value\" data-ref=\"url\" data-fallback=\"\">https:\/\/complexe-airport-club.com\/<\/span><br \/>\n<\/strong> est\u00e1 sujeito \u00e0 lei francesa. Exceto nos casos em que a lei n\u00e3o o permita, \u00e9 atribu\u00edda compet\u00eancia exclusiva aos tribunais competentes de <strong><br \/>\n  <span class=\"ff_dynamic_value\" data-ref=\"ville_du_tribunal\" data-fallback=\"\">Mulhouse<\/span><br \/>\n<\/strong>.<\/p>\n\t\t\t\t\t\t\t\t<\/div>\n\t\t\t\t<\/div>\n\t\t\t\t\t<\/div>\n\t\t\t\t<\/div>\n\t\t\t\t<\/div>\n\t\t","protected":false},"excerpt":{"rendered":"<p>Informa\u00e7\u00e3o jur\u00eddica 1 &#8211; Editar o s\u00edtio Em aplica\u00e7\u00e3o do artigo 6.\u00ba da lei francesa n.\u00ba 2004-575 de 21 de junho de 2004 relativa \u00e0 confian\u00e7a na economia digital, os utilizadores do s\u00edtio https:\/\/complexe-airport-club.com\/ a identidade dos diferentes intervenientes na sua cria\u00e7\u00e3o e controlo: Propriet\u00e1rio do s\u00edtio: OPTIA &#8211; Contacto: hb7a8-dm@accor.com 03 51 25 25 [&hellip;]<\/p>\n","protected":false},"author":1,"featured_media":0,"parent":0,"menu_order":0,"comment_status":"closed","ping_status":"closed","template":"","meta":{"footnotes":""},"class_list":["post-8283","page","type-page","status-publish","hentry"],"yoast_head":"<!-- This site is optimized with the Yoast SEO plugin v24.5 - https:\/\/yoast.com\/wordpress\/plugins\/seo\/ -->\n<title>Informa\u00e7\u00e3o jur\u00eddica - Airport Club Blotzheim<\/title>\n<meta name=\"robots\" content=\"index, follow, max-snippet:-1, max-image-preview:large, max-video-preview:-1\" \/>\n<link rel=\"canonical\" href=\"https:\/\/complexe-airport-club.com\/pt-pt\/informacao-juridica\/\" \/>\n<meta property=\"og:locale\" content=\"pt_PT\" \/>\n<meta property=\"og:type\" content=\"article\" \/>\n<meta property=\"og:title\" content=\"Informa\u00e7\u00e3o jur\u00eddica - Airport Club Blotzheim\" \/>\n<meta property=\"og:description\" content=\"Informa\u00e7\u00e3o jur\u00eddica 1 &#8211; Editar o s\u00edtio Em aplica\u00e7\u00e3o do artigo 6.\u00ba da lei francesa n.\u00ba 2004-575 de 21 de junho de 2004 relativa \u00e0 confian\u00e7a na economia digital, os utilizadores do s\u00edtio https:\/\/complexe-airport-club.com\/ a identidade dos diferentes intervenientes na sua cria\u00e7\u00e3o e controlo: Propriet\u00e1rio do s\u00edtio: OPTIA &#8211; Contacto: hb7a8-dm@accor.com 03 51 25 25 [&hellip;]\" \/>\n<meta property=\"og:url\" content=\"https:\/\/complexe-airport-club.com\/pt-pt\/informacao-juridica\/\" \/>\n<meta property=\"og:site_name\" content=\"Airport Club Blotzheim\" \/>\n<meta property=\"article:modified_time\" content=\"2023-11-17T11:48:49+00:00\" \/>\n<meta name=\"twitter:card\" content=\"summary_large_image\" \/>\n<meta name=\"twitter:label1\" content=\"Tempo estimado de leitura\" \/>\n\t<meta name=\"twitter:data1\" content=\"4 minutos\" \/>\n<script type=\"application\/ld+json\" class=\"yoast-schema-graph\">{\"@context\":\"https:\/\/schema.org\",\"@graph\":[{\"@type\":\"WebPage\",\"@id\":\"https:\/\/complexe-airport-club.com\/pt-pt\/informacao-juridica\/\",\"url\":\"https:\/\/complexe-airport-club.com\/pt-pt\/informacao-juridica\/\",\"name\":\"Informa\u00e7\u00e3o jur\u00eddica - Airport Club Blotzheim\",\"isPartOf\":{\"@id\":\"https:\/\/complexe-airport-club.com\/pt-pt\/#website\"},\"datePublished\":\"2023-11-16T13:50:59+00:00\",\"dateModified\":\"2023-11-17T11:48:49+00:00\",\"breadcrumb\":{\"@id\":\"https:\/\/complexe-airport-club.com\/pt-pt\/informacao-juridica\/#breadcrumb\"},\"inLanguage\":\"pt-PT\",\"potentialAction\":[{\"@type\":\"ReadAction\",\"target\":[\"https:\/\/complexe-airport-club.com\/pt-pt\/informacao-juridica\/\"]}]},{\"@type\":\"BreadcrumbList\",\"@id\":\"https:\/\/complexe-airport-club.com\/pt-pt\/informacao-juridica\/#breadcrumb\",\"itemListElement\":[{\"@type\":\"ListItem\",\"position\":1,\"name\":\"Accueil\",\"item\":\"https:\/\/complexe-airport-club.com\/pt-pt\/inicio-cloned-10\/\"},{\"@type\":\"ListItem\",\"position\":2,\"name\":\"Informa\u00e7\u00e3o jur\u00eddica\"}]},{\"@type\":\"WebSite\",\"@id\":\"https:\/\/complexe-airport-club.com\/pt-pt\/#website\",\"url\":\"https:\/\/complexe-airport-club.com\/pt-pt\/\",\"name\":\"Airport Club Blotzheim\",\"description\":\"\",\"potentialAction\":[{\"@type\":\"SearchAction\",\"target\":{\"@type\":\"EntryPoint\",\"urlTemplate\":\"https:\/\/complexe-airport-club.com\/pt-pt\/?s={search_term_string}\"},\"query-input\":{\"@type\":\"PropertyValueSpecification\",\"valueRequired\":true,\"valueName\":\"search_term_string\"}}],\"inLanguage\":\"pt-PT\"}]}<\/script>\n<!-- \/ Yoast SEO plugin. -->","yoast_head_json":{"title":"Informa\u00e7\u00e3o jur\u00eddica - Airport Club Blotzheim","robots":{"index":"index","follow":"follow","max-snippet":"max-snippet:-1","max-image-preview":"max-image-preview:large","max-video-preview":"max-video-preview:-1"},"canonical":"https:\/\/complexe-airport-club.com\/pt-pt\/informacao-juridica\/","og_locale":"pt_PT","og_type":"article","og_title":"Informa\u00e7\u00e3o jur\u00eddica - Airport Club Blotzheim","og_description":"Informa\u00e7\u00e3o jur\u00eddica 1 &#8211; Editar o s\u00edtio Em aplica\u00e7\u00e3o do artigo 6.\u00ba da lei francesa n.\u00ba 2004-575 de 21 de junho de 2004 relativa \u00e0 confian\u00e7a na economia digital, os utilizadores do s\u00edtio https:\/\/complexe-airport-club.com\/ a identidade dos diferentes intervenientes na sua cria\u00e7\u00e3o e controlo: Propriet\u00e1rio do s\u00edtio: OPTIA &#8211; Contacto: hb7a8-dm@accor.com 03 51 25 25 [&hellip;]","og_url":"https:\/\/complexe-airport-club.com\/pt-pt\/informacao-juridica\/","og_site_name":"Airport Club Blotzheim","article_modified_time":"2023-11-17T11:48:49+00:00","twitter_card":"summary_large_image","twitter_misc":{"Tempo estimado de leitura":"4 minutos"},"schema":{"@context":"https:\/\/schema.org","@graph":[{"@type":"WebPage","@id":"https:\/\/complexe-airport-club.com\/pt-pt\/informacao-juridica\/","url":"https:\/\/complexe-airport-club.com\/pt-pt\/informacao-juridica\/","name":"Informa\u00e7\u00e3o jur\u00eddica - Airport Club Blotzheim","isPartOf":{"@id":"https:\/\/complexe-airport-club.com\/pt-pt\/#website"},"datePublished":"2023-11-16T13:50:59+00:00","dateModified":"2023-11-17T11:48:49+00:00","breadcrumb":{"@id":"https:\/\/complexe-airport-club.com\/pt-pt\/informacao-juridica\/#breadcrumb"},"inLanguage":"pt-PT","potentialAction":[{"@type":"ReadAction","target":["https:\/\/complexe-airport-club.com\/pt-pt\/informacao-juridica\/"]}]},{"@type":"BreadcrumbList","@id":"https:\/\/complexe-airport-club.com\/pt-pt\/informacao-juridica\/#breadcrumb","itemListElement":[{"@type":"ListItem","position":1,"name":"Accueil","item":"https:\/\/complexe-airport-club.com\/pt-pt\/inicio-cloned-10\/"},{"@type":"ListItem","position":2,"name":"Informa\u00e7\u00e3o jur\u00eddica"}]},{"@type":"WebSite","@id":"https:\/\/complexe-airport-club.com\/pt-pt\/#website","url":"https:\/\/complexe-airport-club.com\/pt-pt\/","name":"Airport Club Blotzheim","description":"","potentialAction":[{"@type":"SearchAction","target":{"@type":"EntryPoint","urlTemplate":"https:\/\/complexe-airport-club.com\/pt-pt\/?s={search_term_string}"},"query-input":{"@type":"PropertyValueSpecification","valueRequired":true,"valueName":"search_term_string"}}],"inLanguage":"pt-PT"}]}},"_links":{"self":[{"href":"https:\/\/complexe-airport-club.com\/pt-pt\/wp-json\/wp\/v2\/pages\/8283","targetHints":{"allow":["GET"]}}],"collection":[{"href":"https:\/\/complexe-airport-club.com\/pt-pt\/wp-json\/wp\/v2\/pages"}],"about":[{"href":"https:\/\/complexe-airport-club.com\/pt-pt\/wp-json\/wp\/v2\/types\/page"}],"author":[{"embeddable":true,"href":"https:\/\/complexe-airport-club.com\/pt-pt\/wp-json\/wp\/v2\/users\/1"}],"replies":[{"embeddable":true,"href":"https:\/\/complexe-airport-club.com\/pt-pt\/wp-json\/wp\/v2\/comments?post=8283"}],"version-history":[{"count":2,"href":"https:\/\/complexe-airport-club.com\/pt-pt\/wp-json\/wp\/v2\/pages\/8283\/revisions"}],"predecessor-version":[{"id":8390,"href":"https:\/\/complexe-airport-club.com\/pt-pt\/wp-json\/wp\/v2\/pages\/8283\/revisions\/8390"}],"wp:attachment":[{"href":"https:\/\/complexe-airport-club.com\/pt-pt\/wp-json\/wp\/v2\/media?parent=8283"}],"curies":[{"name":"wp","href":"https:\/\/api.w.org\/{rel}","templated":true}]}}